{"id":469,"date":"2024-03-05T08:29:33","date_gmt":"2024-03-05T08:29:33","guid":{"rendered":"https:\/\/easy.erasmus.site\/?page_id=469"},"modified":"2025-10-10T10:33:52","modified_gmt":"2025-10-10T10:33:52","slug":"project-results","status":"publish","type":"page","link":"https:\/\/easy.erasmus.site\/fr\/project-results\/","title":{"rendered":"R\u00e9sultats du projet"},"content":{"rendered":"\t\t<div data-elementor-type=\"wp-page\" data-elementor-id=\"469\" class=\"elementor elementor-469\">\n\t\t\t\t<div class=\"elementor-element elementor-element-e289c27 e-flex e-con-boxed elementor-invisible e-con e-parent\" data-id=\"e289c27\" data-element_type=\"container\" data-e-type=\"container\" data-settings=\"{&quot;background_background&quot;:&quot;classic&quot;,&quot;animation&quot;:&quot;fadeInRight&quot;}\">\n\t\t\t\t\t<div class=\"e-con-inner\">\n\t\t\t\t<div class=\"elementor-element elementor-element-5166283 elementor-widget__width-initial elementor-widget-tablet__width-initial elementor-view-default elementor-widget elementor-widget-icon\" data-id=\"5166283\" data-element_type=\"widget\" data-e-type=\"widget\" data-widget_type=\"icon.default\">\n\t\t\t\t<div class=\"elementor-widget-container\">\n\t\t\t\t\t\t\t<div class=\"elementor-icon-wrapper\">\n\t\t\t<div class=\"elementor-icon\">\n\t\t\t<svg aria-hidden=\"true\" class=\"e-font-icon-svg e-fas-book\" viewBox=\"0 0 448 512\" xmlns=\"http:\/\/www.w3.org\/2000\/svg\"><path d=\"M448 360V24c0-13.3-10.7-24-24-24H96C43 0 0 43 0 96v320c0 53 43 96 96 96h328c13.3 0 24-10.7 24-24v-16c0-7.5-3.5-14.3-8.9-18.7-4.2-15.4-4.2-59.3 0-74.7 5.4-4.3 8.9-11.1 8.9-18.6zM128 134c0-3.3 2.7-6 6-6h212c3.3 0 6 2.7 6 6v20c0 3.3-2.7 6-6 6H134c-3.3 0-6-2.7-6-6v-20zm0 64c0-3.3 2.7-6 6-6h212c3.3 0 6 2.7 6 6v20c0 3.3-2.7 6-6 6H134c-3.3 0-6-2.7-6-6v-20zm253.4 250H96c-17.7 0-32-14.3-32-32 0-17.6 14.4-32 32-32h285.4c-1.9 17.1-1.9 46.9 0 64z\"><\/path><\/svg>\t\t\t<\/div>\n\t\t<\/div>\n\t\t\t\t\t\t<\/div>\n\t\t\t\t<\/div>\n\t\t\t\t<div class=\"elementor-element elementor-element-c49de05 elementor-widget elementor-widget-text-editor\" data-id=\"c49de05\" data-element_type=\"widget\" data-e-type=\"widget\" data-widget_type=\"text-editor.default\">\n\t\t\t\t<div class=\"elementor-widget-container\">\n\t\t\t\t\t\t\t\t\t<p><strong>Guide du parcours de l&#8217;emploi et cahier d&rsquo;activit\u00e9s informelles :<\/strong> Le projet EASY fournira un guide aux travailleurs de jeunesse pour soutenir le processus de recherche d&#8217;emploi des jeunes autistes ainsi qu\u2019un cahier contenant des activit\u00e9s informelles \u00e0 enseigner aux jeunes autistes. L&rsquo;objectif principal de ce r\u00e9sultat est de cr\u00e9er un instrument de haute qualit\u00e9 capable de fournir aux professionnels des strat\u00e9gies essentielles pour aider les jeunes autistes \u00e0 renforcer leur employabilit\u00e9. En particulier, les objectifs de ce r\u00e9sultat sont les suivants\u00a0:<\/p><ul><li>d\u00e9velopper des activit\u00e9s plus efficaces au profit des communaut\u00e9s de l&rsquo;autisme locales et nationales et des organisations partenaires ;<\/li><li>renforcer les capacit\u00e9s des animateurs de jeunesse pour leur permettre d\u2019int\u00e9grer des activit\u00e9s adapt\u00e9es \u00e0 l&rsquo;autisme dans leurs groupes d&rsquo;apprentissage ;<\/li><li>accro\u00eetre les possibilit\u00e9s de d\u00e9veloppement professionnel et de comp\u00e9titivit\u00e9 pour les jeunes ch\u00f4meurs autistes dans les pays partenaires. En outre, la cr\u00e9ation du cahier d&rsquo;activit\u00e9s permettra \u00e0 un plus grand nombre d&rsquo;animateurs de jeunesse d&rsquo;adapter leurs activit\u00e9s, ce qui augmentera le nombre d&rsquo;endroits que les jeunes autistes pourront fr\u00e9quenter et qui leur permettront d\u2019am\u00e9liorer leurs comp\u00e9tences d\u2019employabilit\u00e9.<\/li><\/ul><p><\/p><p style=\"text-align: center; margin-top: 20px;\"><a class=\"btn btn-primary\" role=\"button\" href=\"https:\/\/easy.erasmus.site\/pr1\/\">Open<\/a><\/p>\t\t\t\t\t\t\t\t<\/div>\n\t\t\t\t<\/div>\n\t\t\t\t\t<\/div>\n\t\t\t\t<\/div>\n\t\t<div class=\"elementor-element elementor-element-5590d28 e-flex e-con-boxed elementor-invisible e-con e-parent\" data-id=\"5590d28\" data-element_type=\"container\" data-e-type=\"container\" data-settings=\"{&quot;background_background&quot;:&quot;classic&quot;,&quot;animation&quot;:&quot;fadeInLeft&quot;}\">\n\t\t\t\t\t<div class=\"e-con-inner\">\n\t\t\t\t<div class=\"elementor-element elementor-element-183144b elementor-widget__width-initial elementor-widget-tablet__width-initial elementor-view-default elementor-widget elementor-widget-icon\" data-id=\"183144b\" data-element_type=\"widget\" data-e-type=\"widget\" data-widget_type=\"icon.default\">\n\t\t\t\t<div class=\"elementor-widget-container\">\n\t\t\t\t\t\t\t<div class=\"elementor-icon-wrapper\">\n\t\t\t<div class=\"elementor-icon\">\n\t\t\t<svg aria-hidden=\"true\" class=\"e-font-icon-svg e-fas-book-open\" viewBox=\"0 0 576 512\" xmlns=\"http:\/\/www.w3.org\/2000\/svg\"><path d=\"M542.22 32.05c-54.8 3.11-163.72 14.43-230.96 55.59-4.64 2.84-7.27 7.89-7.27 13.17v363.87c0 11.55 12.63 18.85 23.28 13.49 69.18-34.82 169.23-44.32 218.7-46.92 16.89-.89 30.02-14.43 30.02-30.66V62.75c.01-17.71-15.35-31.74-33.77-30.7zM264.73 87.64C197.5 46.48 88.58 35.17 33.78 32.05 15.36 31.01 0 45.04 0 62.75V400.6c0 16.24 13.13 29.78 30.02 30.66 49.49 2.6 149.59 12.11 218.77 46.95 10.62 5.35 23.21-1.94 23.21-13.46V100.63c0-5.29-2.62-10.14-7.27-12.99z\"><\/path><\/svg>\t\t\t<\/div>\n\t\t<\/div>\n\t\t\t\t\t\t<\/div>\n\t\t\t\t<\/div>\n\t\t\t\t<div class=\"elementor-element elementor-element-71edb8f elementor-widget elementor-widget-text-editor\" data-id=\"71edb8f\" data-element_type=\"widget\" data-e-type=\"widget\" data-widget_type=\"text-editor.default\">\n\t\t\t\t<div class=\"elementor-widget-container\">\n\t\t\t\t\t\t\t\t\t<strong>Simulateur de sc\u00e9narios lin\u00e9aires :<\/strong> L&rsquo;objectif de ce r\u00e9sultat est de d\u00e9velopper un outil innovant pour l\u2019auto-\u00e9valuation des comp\u00e9tences d&#8217;employabilit\u00e9 et des capacit\u00e9s de recherche d&#8217;emploi. Le partenariat vise \u00e0 d\u00e9velopper cet outil en vue de fournir aux jeunes ch\u00f4meurs autistes un espace s\u00fbr mais r\u00e9aliste pour \u00e9valuer leur employabilit\u00e9. En particulier, le projet EASY vise \u00e0 :\n<ul>\n \t<li>fournir aux partenaires un outil capable de r\u00e9pondre aux besoins des membres autistes de leurs groupes cibles de d\u00e9veloppement professionnel ;<\/li>\n \t<li>cr\u00e9er un outil que les animateurs de jeunesse pourront utiliser dans leurs activit\u00e9s d&#8217;employabilit\u00e9 pour soutenir l&rsquo;auto-\u00e9valuation des jeunes autistes. Bien que le r\u00e9sultat de ce module de travail s&rsquo;adresse directement aux jeunes autistes, les animateurs de jeunesse pourront l&rsquo;int\u00e9grer dans leurs pratiques chaque fois qu&rsquo;ils auront des membres autistes dans leurs groupes d&rsquo;apprentissage ;<\/li>\n \t<li>cr\u00e9er un outil s\u00fbr permettant aux jeunes autistes d&rsquo;\u00e9valuer leurs comp\u00e9tences professionnelles dans un environnement r\u00e9aliste.<\/li>\n<\/ul>\n\n<p style=\"text-align: center; margin-top: 20px;\"><a class=\"btn btn-primary\" role=\"button\" href=\"https:\/\/easy.erasmus.site\/platform\" target=\"_blank\" rel=\"noopener\">Open<\/a><\/p>\t\t\t\t\t\t\t\t<\/div>\n\t\t\t\t<\/div>\n\t\t\t\t\t<\/div>\n\t\t\t\t<\/div>\n\t\t<div class=\"elementor-element elementor-element-31c10e4 e-flex e-con-boxed elementor-invisible e-con e-parent\" data-id=\"31c10e4\" data-element_type=\"container\" data-e-type=\"container\" data-settings=\"{&quot;background_background&quot;:&quot;classic&quot;,&quot;animation&quot;:&quot;fadeInRight&quot;}\">\n\t\t\t\t\t<div class=\"e-con-inner\">\n\t\t\t\t<div class=\"elementor-element elementor-element-cef44e6 elementor-widget__width-initial elementor-widget-tablet__width-initial elementor-view-default elementor-widget elementor-widget-icon\" data-id=\"cef44e6\" data-element_type=\"widget\" data-e-type=\"widget\" data-widget_type=\"icon.default\">\n\t\t\t\t<div class=\"elementor-widget-container\">\n\t\t\t\t\t\t\t<div class=\"elementor-icon-wrapper\">\n\t\t\t<div class=\"elementor-icon\">\n\t\t\t<svg aria-hidden=\"true\" class=\"e-font-icon-svg e-fas-mobile-alt\" viewBox=\"0 0 320 512\" xmlns=\"http:\/\/www.w3.org\/2000\/svg\"><path d=\"M272 0H48C21.5 0 0 21.5 0 48v416c0 26.5 21.5 48 48 48h224c26.5 0 48-21.5 48-48V48c0-26.5-21.5-48-48-48zM160 480c-17.7 0-32-14.3-32-32s14.3-32 32-32 32 14.3 32 32-14.3 32-32 32zm112-108c0 6.6-5.4 12-12 12H60c-6.6 0-12-5.4-12-12V60c0-6.6 5.4-12 12-12h200c6.6 0 12 5.4 12 12v312z\"><\/path><\/svg>\t\t\t<\/div>\n\t\t<\/div>\n\t\t\t\t\t\t<\/div>\n\t\t\t\t<\/div>\n\t\t\t\t<div class=\"elementor-element elementor-element-1030853 elementor-widget elementor-widget-text-editor\" data-id=\"1030853\" data-element_type=\"widget\" data-e-type=\"widget\" data-widget_type=\"text-editor.default\">\n\t\t\t\t<div class=\"elementor-widget-container\">\n\t\t\t\t\t\t\t\t\t<strong>Une application mobile :<\/strong> Ce r\u00e9sultat s&rsquo;adresse principalement aux jeunes autistes. Son principal objectif est de leur faciliter l\u2019acc\u00e8s aux services existants et d&rsquo;augmenter leurs chances de trouver un emploi ce qui, \u00e0 son tour, contribuera \u00e0 renforcer leurs comp\u00e9tences en mati\u00e8re d&#8217;employabilit\u00e9 et leur comp\u00e9titivit\u00e9 globale. Plus pr\u00e9cis\u00e9ment, ce r\u00e9sultat vise \u00e0 :\n<ul>\n \t<li>permettre aux jeunes autistes de prendre leur avenir en main, de faire valoir leurs droits et de d\u00e9velopper une r\u00e9silience face aux d\u00e9fis quotidiens rencontr\u00e9s dans le domaine de l&#8217;emploi. Cela contribuera \u00e0 accro\u00eetre leur confiance en soi et leur satisfaction au travail, les aidant \u00e0 faire valoir leur place sur le march\u00e9 du travail local, national et europ\u00e9en ;<\/li>\n \t<li>encourager les jeunes autistes \u00e0 rechercher et \u00e0 utiliser les ressources disponibles en leur fournissant un acc\u00e8s imm\u00e9diat et convivial aux stages, aux mobilit\u00e9s et aux opportunit\u00e9s d&#8217;emploi. Cet objectif contribuera \u00e0 l&rsquo;objectif global du projet qui est d&rsquo;augmenter le niveau d&#8217;employabilit\u00e9 des jeunes autistes et de les aider \u00e0 faire valoir leur place sur le march\u00e9 du travail europ\u00e9en, en leur permettant de trouver et d&rsquo;explorer plus facilement les opportunit\u00e9s disponibles.<\/li>\n \t<li>renforcer la confiance et l&rsquo;estime de soi des jeunes autistes en leur donnant la possibilit\u00e9 de rechercher et d&rsquo;acc\u00e9der \u00e0 des stages, aux mobilit\u00e9s et aux opportunit\u00e9s d&#8217;emploi pour lesquels ils se sentent pr\u00e9par\u00e9s et confiants. Cet objectif contribuera \u00e0 l&rsquo;objectif global du projet qui vise \u00e0 am\u00e9liorer la compr\u00e9hension des travailleurs de jeunesse vis-\u00e0-vis des capacit\u00e9s diversifi\u00e9es des apprenants, notamment des jeunes autistes, au sein des groupes d\u2019apprentissage.<\/li>\n<\/ul>\n<\/li>\n<\/ul>\n<p style=\"text-align: center; margin-top: 20px;\"><a class=\"btn btn-primary\" role=\"button\" href=\"https:\/\/apps.apple.com\/us\/app\/eu-job-spectrum\/id6749449118\" target=\"_blank\" rel=\"noopener\">IOS<\/a><\/p>\n<p style=\"text-align: center; margin-top: 20px;\"><a class=\"btn btn-primary\" role=\"button\" href=\"https:\/\/play.google.com\/store\/apps\/details?id=eu.dcnet.easy_app\" target=\"_blank\" rel=\"noopener\">Android<\/a><\/p>\t\t\t\t\t\t\t\t<\/div>\n\t\t\t\t<\/div>\n\t\t\t\t\t<\/div>\n\t\t\t\t<\/div>\n\t\t<div class=\"elementor-element elementor-element-17ff506 e-flex e-con-boxed e-con e-parent\" data-id=\"17ff506\" data-element_type=\"container\" data-e-type=\"container\" data-settings=\"{&quot;background_background&quot;:&quot;classic&quot;}\">\n\t\t\t\t\t<div class=\"e-con-inner\">\n\t\t\t\t<div class=\"elementor-element elementor-element-d8532b4 elementor-widget elementor-widget-spacer\" data-id=\"d8532b4\" data-element_type=\"widget\" data-e-type=\"widget\" data-widget_type=\"spacer.default\">\n\t\t\t\t<div class=\"elementor-widget-container\">\n\t\t\t\t\t\t\t<div class=\"elementor-spacer\">\n\t\t\t<div class=\"elementor-spacer-inner\"><\/div>\n\t\t<\/div>\n\t\t\t\t\t\t<\/div>\n\t\t\t\t<\/div>\n\t\t\t\t\t<\/div>\n\t\t\t\t<\/div>\n\t\t\t\t<\/div>\n\t\t","protected":false},"excerpt":{"rendered":"<p>Guide du parcours de l&#8217;emploi et cahier d&rsquo;activit\u00e9s informelles : Le projet EASY fournira un guide aux travailleurs de jeunesse pour soutenir le processus de recherche d&#8217;emploi des jeunes autistes ainsi qu\u2019un cahier contenant des activit\u00e9s informelles \u00e0 enseigner aux jeunes autistes. L&rsquo;objectif principal de ce r\u00e9sultat est de cr\u00e9er un instrument de haute qualit\u00e9&hellip;&nbsp;<a href=\"https:\/\/easy.erasmus.site\/fr\/project-results\/\" rel=\"bookmark\">Lire la suite &raquo;<span class=\"screen-reader-text\">R\u00e9sultats du projet<\/span><\/a><\/p>\n","protected":false},"author":1,"featured_media":0,"parent":0,"menu_order":0,"comment_status":"closed","ping_status":"closed","template":"page-templates\/template-pagebuilder-full-width.php","meta":{"neve_meta_sidebar":"","neve_meta_container":"","neve_meta_enable_content_width":"off","neve_meta_content_width":100,"neve_meta_title_alignment":"","neve_meta_author_avatar":"","neve_post_elements_order":"","neve_meta_disable_header":"","neve_meta_disable_footer":"","neve_meta_disable_title":"","footnotes":""},"class_list":["post-469","page","type-page","status-publish","hentry"],"_links":{"self":[{"href":"https:\/\/easy.erasmus.site\/fr\/wp-json\/wp\/v2\/pages\/469","targetHints":{"allow":["GET"]}}],"collection":[{"href":"https:\/\/easy.erasmus.site\/fr\/wp-json\/wp\/v2\/pages"}],"about":[{"href":"https:\/\/easy.erasmus.site\/fr\/wp-json\/wp\/v2\/types\/page"}],"author":[{"embeddable":true,"href":"https:\/\/easy.erasmus.site\/fr\/wp-json\/wp\/v2\/users\/1"}],"replies":[{"embeddable":true,"href":"https:\/\/easy.erasmus.site\/fr\/wp-json\/wp\/v2\/comments?post=469"}],"version-history":[{"count":141,"href":"https:\/\/easy.erasmus.site\/fr\/wp-json\/wp\/v2\/pages\/469\/revisions"}],"predecessor-version":[{"id":1046,"href":"https:\/\/easy.erasmus.site\/fr\/wp-json\/wp\/v2\/pages\/469\/revisions\/1046"}],"wp:attachment":[{"href":"https:\/\/easy.erasmus.site\/fr\/wp-json\/wp\/v2\/media?parent=469"}],"curies":[{"name":"wp","href":"https:\/\/api.w.org\/{rel}","templated":true}]}}