{"id":559,"date":"2024-03-05T11:09:20","date_gmt":"2024-03-05T11:09:20","guid":{"rendered":"https:\/\/easy.erasmus.site\/?page_id=559"},"modified":"2024-04-21T19:29:42","modified_gmt":"2024-04-21T19:29:42","slug":"about-the-project","status":"publish","type":"page","link":"https:\/\/easy.erasmus.site\/fr\/about-the-project\/","title":{"rendered":"A propos du projet"},"content":{"rendered":"\t\t<div data-elementor-type=\"wp-page\" data-elementor-id=\"559\" class=\"elementor elementor-559\">\n\t\t\t\t<div class=\"elementor-element elementor-element-89f955e e-flex e-con-boxed e-con e-parent\" data-id=\"89f955e\" data-element_type=\"container\" data-e-type=\"container\" data-settings=\"{&quot;background_background&quot;:&quot;classic&quot;}\">\n\t\t\t\t\t<div class=\"e-con-inner\">\n\t\t\t\t\t<\/div>\n\t\t\t\t<\/div>\n\t\t<div class=\"elementor-element elementor-element-a07a5e5 e-flex e-con-boxed e-con e-parent\" data-id=\"a07a5e5\" data-element_type=\"container\" data-e-type=\"container\" data-settings=\"{&quot;background_background&quot;:&quot;classic&quot;}\">\n\t\t\t\t\t<div class=\"e-con-inner\">\n\t\t\t\t<div class=\"elementor-element elementor-element-4b5d87d elementor-widget elementor-widget-spacer\" data-id=\"4b5d87d\" data-element_type=\"widget\" data-e-type=\"widget\" data-widget_type=\"spacer.default\">\n\t\t\t\t<div class=\"elementor-widget-container\">\n\t\t\t\t\t\t\t<div class=\"elementor-spacer\">\n\t\t\t<div class=\"elementor-spacer-inner\"><\/div>\n\t\t<\/div>\n\t\t\t\t\t\t<\/div>\n\t\t\t\t<\/div>\n\t\t\t\t\t<\/div>\n\t\t\t\t<\/div>\n\t\t<div class=\"elementor-element elementor-element-c9381fc e-flex e-con-boxed e-con e-parent\" data-id=\"c9381fc\" data-element_type=\"container\" data-e-type=\"container\" data-settings=\"{&quot;background_background&quot;:&quot;classic&quot;}\">\n\t\t\t\t\t<div class=\"e-con-inner\">\n\t\t\t\t<div class=\"elementor-element elementor-element-abfba30 elementor-widget elementor-widget-text-editor\" data-id=\"abfba30\" data-element_type=\"widget\" data-e-type=\"widget\" data-widget_type=\"text-editor.default\">\n\t\t\t\t<div class=\"elementor-widget-container\">\n\t\t\t\t\t\t\t\t\t<p>Le projet EASY a \u00e9t\u00e9 con\u00e7u pour r\u00e9pondre \u00e0 la responsabilit\u00e9 croissante des \u00c9tats membres de l&rsquo;Union europ\u00e9enne de soutenir les personnes handicap\u00e9es en mati\u00e8re d\u2019employabilit\u00e9. Plus pr\u00e9cis\u00e9ment, EASY vise \u00e0 promouvoir l&#8217;employabilit\u00e9 des jeunes autistes. Pour ce faire, le projet vise \u00e0 renforcer les capacit\u00e9s des animateurs de jeunesse et \u00e0 leur fournir du mat\u00e9riel innovant de haute qualit\u00e9 pour soutenir les jeunes autistes.<\/p><p>EASY vise \u00e0 contribuer \u00e0 l\u2019inclusion des jeunes autistes sur le march\u00e9 du travail en renfor\u00e7ant leur employabilit\u00e9 et leurs comp\u00e9tences en recherche d&#8217;emploi. Il vise \u00e0 am\u00e9liorer la capacit\u00e9 des partenaires \u00e0 soutenir la comp\u00e9titivit\u00e9 des personnes autistes, \u00e0 susciter une meilleure compr\u00e9hension de la part des travailleurs de jeunesse vis-\u00e0-vis de la diversit\u00e9 des capacit\u00e9s des apprenants autistes, \u00e0 augmenter le niveau d&#8217;employabilit\u00e9 des jeunes autistes et \u00e0 les aider \u00e0 faire valoir la place qui leur revient sur le march\u00e9 du travail local, national et europ\u00e9en, ainsi qu&rsquo;\u00e0 accro\u00eetre les effets de l&rsquo;inclusion sur le lieu de travail. EASY s&rsquo;articule autour de trois th\u00e8mes principaux qui correspondent \u00e0 trois priorit\u00e9s mises en \u00e9vidence dans le guide Erasmus+ 2022, \u00e0 savoir :<\/p>\t\t\t\t\t\t\t\t<\/div>\n\t\t\t\t<\/div>\n\t\t\t\t\t<\/div>\n\t\t\t\t<\/div>\n\t\t<div class=\"elementor-element elementor-element-4847589 e-flex e-con-boxed e-con e-parent\" data-id=\"4847589\" data-element_type=\"container\" data-e-type=\"container\" data-settings=\"{&quot;background_background&quot;:&quot;classic&quot;}\">\n\t\t\t\t\t<div class=\"e-con-inner\">\n\t\t<div class=\"elementor-element elementor-element-07c4c78 e-con-full e-flex e-con e-child\" data-id=\"07c4c78\" data-element_type=\"container\" data-e-type=\"container\">\n\t\t\t\t<div class=\"elementor-element elementor-element-afb2b14 elementor-view-default elementor-widget elementor-widget-icon\" data-id=\"afb2b14\" data-element_type=\"widget\" data-e-type=\"widget\" data-widget_type=\"icon.default\">\n\t\t\t\t<div class=\"elementor-widget-container\">\n\t\t\t\t\t\t\t<div class=\"elementor-icon-wrapper\">\n\t\t\t<div class=\"elementor-icon\">\n\t\t\t<svg aria-hidden=\"true\" class=\"e-font-icon-svg e-far-circle\" viewBox=\"0 0 512 512\" xmlns=\"http:\/\/www.w3.org\/2000\/svg\"><path d=\"M256 8C119 8 8 119 8 256s111 248 248 248 248-111 248-248S393 8 256 8zm0 448c-110.5 0-200-89.5-200-200S145.5 56 256 56s200 89.5 200 200-89.5 200-200 200z\"><\/path><\/svg>\t\t\t<\/div>\n\t\t<\/div>\n\t\t\t\t\t\t<\/div>\n\t\t\t\t<\/div>\n\t\t\t\t<div class=\"elementor-element elementor-element-09023b2 elementor-widget elementor-widget-text-editor\" data-id=\"09023b2\" data-element_type=\"widget\" data-e-type=\"widget\" data-widget_type=\"text-editor.default\">\n\t\t\t\t<div class=\"elementor-widget-container\">\n\t\t\t\t\t\t\t\t\t<p>renforcer l&#8217;employabilit\u00e9 des jeunes ;<\/p>\t\t\t\t\t\t\t\t<\/div>\n\t\t\t\t<\/div>\n\t\t\t\t<\/div>\n\t\t<div class=\"elementor-element elementor-element-bd5d5de e-con-full e-flex e-con e-child\" data-id=\"bd5d5de\" data-element_type=\"container\" data-e-type=\"container\">\n\t\t\t\t<div class=\"elementor-element elementor-element-fe67bd7 elementor-view-default elementor-widget elementor-widget-icon\" data-id=\"fe67bd7\" data-element_type=\"widget\" data-e-type=\"widget\" data-widget_type=\"icon.default\">\n\t\t\t\t<div class=\"elementor-widget-container\">\n\t\t\t\t\t\t\t<div class=\"elementor-icon-wrapper\">\n\t\t\t<div class=\"elementor-icon\">\n\t\t\t<svg aria-hidden=\"true\" class=\"e-font-icon-svg e-far-circle\" viewBox=\"0 0 512 512\" xmlns=\"http:\/\/www.w3.org\/2000\/svg\"><path d=\"M256 8C119 8 8 119 8 256s111 248 248 248 248-111 248-248S393 8 256 8zm0 448c-110.5 0-200-89.5-200-200S145.5 56 256 56s200 89.5 200 200-89.5 200-200 200z\"><\/path><\/svg>\t\t\t<\/div>\n\t\t<\/div>\n\t\t\t\t\t\t<\/div>\n\t\t\t\t<\/div>\n\t\t\t\t<div class=\"elementor-element elementor-element-fcf70ab elementor-widget elementor-widget-text-editor\" data-id=\"fcf70ab\" data-element_type=\"widget\" data-e-type=\"widget\" data-widget_type=\"text-editor.default\">\n\t\t\t\t<div class=\"elementor-widget-container\">\n\t\t\t\t\t\t\t\t\t<p>accro\u00eetre la qualit\u00e9, l&rsquo;innovation et la reconnaissance du travail de jeunesse ;<\/p>\t\t\t\t\t\t\t\t<\/div>\n\t\t\t\t<\/div>\n\t\t\t\t<\/div>\n\t\t<div class=\"elementor-element elementor-element-0d76776 e-con-full e-flex e-con e-child\" data-id=\"0d76776\" data-element_type=\"container\" data-e-type=\"container\">\n\t\t\t\t<div class=\"elementor-element elementor-element-c787526 elementor-view-default elementor-widget elementor-widget-icon\" data-id=\"c787526\" data-element_type=\"widget\" data-e-type=\"widget\" data-widget_type=\"icon.default\">\n\t\t\t\t<div class=\"elementor-widget-container\">\n\t\t\t\t\t\t\t<div class=\"elementor-icon-wrapper\">\n\t\t\t<div class=\"elementor-icon\">\n\t\t\t<svg aria-hidden=\"true\" class=\"e-font-icon-svg e-far-circle\" viewBox=\"0 0 512 512\" xmlns=\"http:\/\/www.w3.org\/2000\/svg\"><path d=\"M256 8C119 8 8 119 8 256s111 248 248 248 248-111 248-248S393 8 256 8zm0 448c-110.5 0-200-89.5-200-200S145.5 56 256 56s200 89.5 200 200-89.5 200-200 200z\"><\/path><\/svg>\t\t\t<\/div>\n\t\t<\/div>\n\t\t\t\t\t\t<\/div>\n\t\t\t\t<\/div>\n\t\t\t\t<div class=\"elementor-element elementor-element-f6f6cc5 elementor-widget elementor-widget-text-editor\" data-id=\"f6f6cc5\" data-element_type=\"widget\" data-e-type=\"widget\" data-widget_type=\"text-editor.default\">\n\t\t\t\t<div class=\"elementor-widget-container\">\n\t\t\t\t\t\t\t\t\t<p>promouvoir l\u2019inclusion et la diversit\u00e9 dans tous les domaines de l&rsquo;\u00e9ducation, de la formation, de la jeunesse et des sports.<\/p>\t\t\t\t\t\t\t\t<\/div>\n\t\t\t\t<\/div>\n\t\t\t\t<\/div>\n\t\t\t\t\t<\/div>\n\t\t\t\t<\/div>\n\t\t\t\t<\/div>\n\t\t","protected":false},"excerpt":{"rendered":"<p>Le projet EASY a \u00e9t\u00e9 con\u00e7u pour r\u00e9pondre \u00e0 la responsabilit\u00e9 croissante des \u00c9tats membres de l&rsquo;Union europ\u00e9enne de soutenir les personnes handicap\u00e9es en mati\u00e8re d\u2019employabilit\u00e9. Plus pr\u00e9cis\u00e9ment, EASY vise \u00e0 promouvoir l&#8217;employabilit\u00e9 des jeunes autistes. Pour ce faire, le projet vise \u00e0 renforcer les capacit\u00e9s des animateurs de jeunesse et \u00e0 leur fournir du&hellip;&nbsp;<a href=\"https:\/\/easy.erasmus.site\/fr\/about-the-project\/\" rel=\"bookmark\">Lire la suite &raquo;<span class=\"screen-reader-text\">A propos du projet<\/span><\/a><\/p>\n","protected":false},"author":1,"featured_media":0,"parent":0,"menu_order":0,"comment_status":"closed","ping_status":"closed","template":"page-templates\/template-pagebuilder-full-width.php","meta":{"neve_meta_sidebar":"","neve_meta_container":"","neve_meta_enable_content_width":"off","neve_meta_content_width":100,"neve_meta_title_alignment":"","neve_meta_author_avatar":"","neve_post_elements_order":"","neve_meta_disable_header":"","neve_meta_disable_footer":"","neve_meta_disable_title":"","footnotes":""},"class_list":["post-559","page","type-page","status-publish","hentry"],"_links":{"self":[{"href":"https:\/\/easy.erasmus.site\/fr\/wp-json\/wp\/v2\/pages\/559","targetHints":{"allow":["GET"]}}],"collection":[{"href":"https:\/\/easy.erasmus.site\/fr\/wp-json\/wp\/v2\/pages"}],"about":[{"href":"https:\/\/easy.erasmus.site\/fr\/wp-json\/wp\/v2\/types\/page"}],"author":[{"embeddable":true,"href":"https:\/\/easy.erasmus.site\/fr\/wp-json\/wp\/v2\/users\/1"}],"replies":[{"embeddable":true,"href":"https:\/\/easy.erasmus.site\/fr\/wp-json\/wp\/v2\/comments?post=559"}],"version-history":[{"count":48,"href":"https:\/\/easy.erasmus.site\/fr\/wp-json\/wp\/v2\/pages\/559\/revisions"}],"predecessor-version":[{"id":916,"href":"https:\/\/easy.erasmus.site\/fr\/wp-json\/wp\/v2\/pages\/559\/revisions\/916"}],"wp:attachment":[{"href":"https:\/\/easy.erasmus.site\/fr\/wp-json\/wp\/v2\/media?parent=559"}],"curies":[{"name":"wp","href":"https:\/\/api.w.org\/{rel}","templated":true}]}}