{"id":539,"date":"2024-03-05T10:27:04","date_gmt":"2024-03-05T10:27:04","guid":{"rendered":"https:\/\/easy.erasmus.site\/?page_id=539"},"modified":"2025-10-10T11:04:16","modified_gmt":"2025-10-10T11:04:16","slug":"home","status":"publish","type":"page","link":"https:\/\/easy.erasmus.site\/it\/","title":{"rendered":"Home"},"content":{"rendered":"\t\t<div data-elementor-type=\"wp-page\" data-elementor-id=\"539\" class=\"elementor elementor-539\">\n\t\t\t\t<div class=\"elementor-element elementor-element-4d6a28e e-flex e-con-boxed e-con e-parent\" data-id=\"4d6a28e\" data-element_type=\"container\" data-e-type=\"container\" data-settings=\"{&quot;background_background&quot;:&quot;classic&quot;}\">\n\t\t\t\t\t<div class=\"e-con-inner\">\n\t\t<div class=\"elementor-element elementor-element-eda6aa5 e-flex e-con-boxed elementor-invisible e-con e-child\" data-id=\"eda6aa5\" data-element_type=\"container\" data-e-type=\"container\" data-settings=\"{&quot;background_background&quot;:&quot;classic&quot;,&quot;animation&quot;:&quot;fadeInDown&quot;}\">\n\t\t\t\t\t<div class=\"e-con-inner\">\n\t\t\t\t<div class=\"elementor-element elementor-element-954b0a7 elementor-widget elementor-widget-heading\" data-id=\"954b0a7\" data-element_type=\"widget\" data-e-type=\"widget\" data-widget_type=\"heading.default\">\n\t\t\t\t<div class=\"elementor-widget-container\">\n\t\t\t\t\t<h2 class=\"elementor-heading-title elementor-size-default\">EASY \u2013 Employability for AutiStic Youth<\/h2>\t\t\t\t<\/div>\n\t\t\t\t<\/div>\n\t\t\t\t<div class=\"elementor-element elementor-element-861caf1 elementor-widget elementor-widget-text-editor\" data-id=\"861caf1\" data-element_type=\"widget\" data-e-type=\"widget\" data-widget_type=\"text-editor.default\">\n\t\t\t\t<div class=\"elementor-widget-container\">\n\t\t\t\t\t\t\t\t\t<p>Settore: Giovani<\/p>\t\t\t\t\t\t\t\t<\/div>\n\t\t\t\t<\/div>\n\t\t\t\t<div class=\"elementor-element elementor-element-1e6394f elementor-widget elementor-widget-text-editor\" data-id=\"1e6394f\" data-element_type=\"widget\" data-e-type=\"widget\" data-widget_type=\"text-editor.default\">\n\t\t\t\t<div class=\"elementor-widget-container\">\n\t\t\t\t\t\t\t\t\t<p>Numero del progetto: 2023-1-IT03-KA220-YOU-000155214<br \/>Durata del progetto: 01.11.2023 \u2013 31.10.2025<\/p>\t\t\t\t\t\t\t\t<\/div>\n\t\t\t\t<\/div>\n\t\t\t\t\t<\/div>\n\t\t\t\t<\/div>\n\t\t\t\t\t<\/div>\n\t\t\t\t<\/div>\n\t\t<div class=\"elementor-element elementor-element-ceeb171 e-flex e-con-boxed e-con e-parent\" data-id=\"ceeb171\" data-element_type=\"container\" data-e-type=\"container\">\n\t\t\t\t\t<div class=\"e-con-inner\">\n\t\t<div class=\"elementor-element elementor-element-6a624fb e-con-full e-flex elementor-invisible e-con e-child\" data-id=\"6a624fb\" data-element_type=\"container\" data-e-type=\"container\" data-settings=\"{&quot;animation&quot;:&quot;fadeInLeft&quot;}\">\n\t\t\t\t<div class=\"elementor-element elementor-element-65475fe elementor-widget elementor-widget-heading\" data-id=\"65475fe\" data-element_type=\"widget\" data-e-type=\"widget\" data-widget_type=\"heading.default\">\n\t\t\t\t<div class=\"elementor-widget-container\">\n\t\t\t\t\t<h2 class=\"elementor-heading-title elementor-size-default\"><a href=\"https:\/\/easy.erasmus.site\/about-the-project\/\">Informazioni sul progetto<\/a><\/h2>\t\t\t\t<\/div>\n\t\t\t\t<\/div>\n\t\t\t\t<div class=\"elementor-element elementor-element-abe73e5 elementor-widget elementor-widget-text-editor\" data-id=\"abe73e5\" data-element_type=\"widget\" data-e-type=\"widget\" data-widget_type=\"text-editor.default\">\n\t\t\t\t<div class=\"elementor-widget-container\">\n\t\t\t\t\t\t\t\t\tIl progetto EASY \u00e8 stato concepito come risposta alla crescente responsabilit\u00e0 degli Stati membri europei nel sostenere le persone con disabilit\u00e0 nello sviluppo della loro occupabilit\u00e0. In particolare, EASY si occupa di garantire l&#8217;occupabilit\u00e0 dei giovani con spettro autistico. Di conseguenza, cerca di offrire un rafforzamento delle capacit\u00e0 degli operatori giovanili e di fornire loro materiale formativo innovativo di alta qualit\u00e0 per sostenere i giovani con spettro autistico. <a href=\"https:\/\/easy.erasmus.site\/about-the-project\/\"><strong>PER SAPERNE DI PI\u00d9 &gt;&gt;<\/strong><\/a>\t\t\t\t\t\t\t\t<\/div>\n\t\t\t\t<\/div>\n\t\t\t\t<\/div>\n\t\t<div class=\"elementor-element elementor-element-6d0ba99 e-con-full e-flex e-con e-child\" data-id=\"6d0ba99\" data-element_type=\"container\" data-e-type=\"container\">\n\t\t<div class=\"elementor-element elementor-element-654160c e-flex e-con-boxed e-con e-child\" data-id=\"654160c\" data-element_type=\"container\" data-e-type=\"container\">\n\t\t\t\t\t<div class=\"e-con-inner\">\n\t\t\t\t<div class=\"elementor-element elementor-element-eb9fb88 elementor-invisible elementor-widget elementor-widget-heading\" data-id=\"eb9fb88\" data-element_type=\"widget\" data-e-type=\"widget\" data-settings=\"{&quot;_animation&quot;:&quot;fadeInRight&quot;}\" data-widget_type=\"heading.default\">\n\t\t\t\t<div class=\"elementor-widget-container\">\n\t\t\t\t\t<h2 class=\"elementor-heading-title elementor-size-default\"><a href=\"https:\/\/easy.erasmus.site\/project-results\/\">Risultati<\/a><\/h2>\t\t\t\t<\/div>\n\t\t\t\t<\/div>\n\t\t\t\t\t<\/div>\n\t\t\t\t<\/div>\n\t\t<div class=\"elementor-element elementor-element-cb9c9d8 e-flex e-con-boxed elementor-invisible e-con e-child\" data-id=\"cb9c9d8\" data-element_type=\"container\" data-e-type=\"container\" data-settings=\"{&quot;animation&quot;:&quot;fadeInRight&quot;}\">\n\t\t\t\t\t<div class=\"e-con-inner\">\n\t\t\t\t<div class=\"elementor-element elementor-element-32ad8d8 elementor-view-default elementor-widget elementor-widget-icon\" data-id=\"32ad8d8\" data-element_type=\"widget\" data-e-type=\"widget\" data-widget_type=\"icon.default\">\n\t\t\t\t<div class=\"elementor-widget-container\">\n\t\t\t\t\t\t\t<div class=\"elementor-icon-wrapper\">\n\t\t\t<a class=\"elementor-icon\" href=\"https:\/\/easy.erasmus.site\/project-results\/\">\n\t\t\t<svg aria-hidden=\"true\" class=\"e-font-icon-svg e-fas-book\" viewBox=\"0 0 448 512\" xmlns=\"http:\/\/www.w3.org\/2000\/svg\"><path d=\"M448 360V24c0-13.3-10.7-24-24-24H96C43 0 0 43 0 96v320c0 53 43 96 96 96h328c13.3 0 24-10.7 24-24v-16c0-7.5-3.5-14.3-8.9-18.7-4.2-15.4-4.2-59.3 0-74.7 5.4-4.3 8.9-11.1 8.9-18.6zM128 134c0-3.3 2.7-6 6-6h212c3.3 0 6 2.7 6 6v20c0 3.3-2.7 6-6 6H134c-3.3 0-6-2.7-6-6v-20zm0 64c0-3.3 2.7-6 6-6h212c3.3 0 6 2.7 6 6v20c0 3.3-2.7 6-6 6H134c-3.3 0-6-2.7-6-6v-20zm253.4 250H96c-17.7 0-32-14.3-32-32 0-17.6 14.4-32 32-32h285.4c-1.9 17.1-1.9 46.9 0 64z\"><\/path><\/svg>\t\t\t<\/a>\n\t\t<\/div>\n\t\t\t\t\t\t<\/div>\n\t\t\t\t<\/div>\n\t\t\t\t<div class=\"elementor-element elementor-element-a533239 elementor-widget elementor-widget-heading\" data-id=\"a533239\" data-element_type=\"widget\" data-e-type=\"widget\" data-widget_type=\"heading.default\">\n\t\t\t\t<div class=\"elementor-widget-container\">\n\t\t\t\t\t<h5 class=\"elementor-heading-title elementor-size-default\"><a href=\"https:\/\/easy.erasmus.site\/project-results\/\">Guida al Percorso Occupazionale e Manuale delle Attivit\u00e0 Informali<\/a><\/h5>\t\t\t\t<\/div>\n\t\t\t\t<\/div>\n\t\t\t\t\t<\/div>\n\t\t\t\t<\/div>\n\t\t<div class=\"elementor-element elementor-element-64380da e-flex e-con-boxed elementor-invisible e-con e-child\" data-id=\"64380da\" data-element_type=\"container\" data-e-type=\"container\" data-settings=\"{&quot;animation&quot;:&quot;fadeInRight&quot;}\">\n\t\t\t\t\t<div class=\"e-con-inner\">\n\t\t\t\t<div class=\"elementor-element elementor-element-1823ac3 elementor-view-default elementor-widget elementor-widget-icon\" data-id=\"1823ac3\" data-element_type=\"widget\" data-e-type=\"widget\" data-widget_type=\"icon.default\">\n\t\t\t\t<div class=\"elementor-widget-container\">\n\t\t\t\t\t\t\t<div class=\"elementor-icon-wrapper\">\n\t\t\t<a class=\"elementor-icon\" href=\"https:\/\/easy.erasmus.site\/project-results\/\">\n\t\t\t<svg aria-hidden=\"true\" class=\"e-font-icon-svg e-fas-book-open\" viewBox=\"0 0 576 512\" xmlns=\"http:\/\/www.w3.org\/2000\/svg\"><path d=\"M542.22 32.05c-54.8 3.11-163.72 14.43-230.96 55.59-4.64 2.84-7.27 7.89-7.27 13.17v363.87c0 11.55 12.63 18.85 23.28 13.49 69.18-34.82 169.23-44.32 218.7-46.92 16.89-.89 30.02-14.43 30.02-30.66V62.75c.01-17.71-15.35-31.74-33.77-30.7zM264.73 87.64C197.5 46.48 88.58 35.17 33.78 32.05 15.36 31.01 0 45.04 0 62.75V400.6c0 16.24 13.13 29.78 30.02 30.66 49.49 2.6 149.59 12.11 218.77 46.95 10.62 5.35 23.21-1.94 23.21-13.46V100.63c0-5.29-2.62-10.14-7.27-12.99z\"><\/path><\/svg>\t\t\t<\/a>\n\t\t<\/div>\n\t\t\t\t\t\t<\/div>\n\t\t\t\t<\/div>\n\t\t\t\t<div class=\"elementor-element elementor-element-9b8b2c2 elementor-widget elementor-widget-heading\" data-id=\"9b8b2c2\" data-element_type=\"widget\" data-e-type=\"widget\" data-widget_type=\"heading.default\">\n\t\t\t\t<div class=\"elementor-widget-container\">\n\t\t\t\t\t<h5 class=\"elementor-heading-title elementor-size-default\"><a href=\"https:\/\/easy.erasmus.site\/platform\/\" target=\"_blank\">Simulatore di Scenari Lineari<\/a><\/h5>\t\t\t\t<\/div>\n\t\t\t\t<\/div>\n\t\t\t\t\t<\/div>\n\t\t\t\t<\/div>\n\t\t<div class=\"elementor-element elementor-element-601f840 e-flex e-con-boxed elementor-invisible e-con e-child\" data-id=\"601f840\" data-element_type=\"container\" data-e-type=\"container\" data-settings=\"{&quot;animation&quot;:&quot;fadeInRight&quot;}\">\n\t\t\t\t\t<div class=\"e-con-inner\">\n\t\t\t\t<div class=\"elementor-element elementor-element-5fc13a0 elementor-view-default elementor-widget elementor-widget-icon\" data-id=\"5fc13a0\" data-element_type=\"widget\" data-e-type=\"widget\" data-widget_type=\"icon.default\">\n\t\t\t\t<div class=\"elementor-widget-container\">\n\t\t\t\t\t\t\t<div class=\"elementor-icon-wrapper\">\n\t\t\t<a class=\"elementor-icon\" href=\"https:\/\/easy.erasmus.site\/project-results\/\">\n\t\t\t<svg aria-hidden=\"true\" class=\"e-font-icon-svg e-fas-mobile-alt\" viewBox=\"0 0 320 512\" xmlns=\"http:\/\/www.w3.org\/2000\/svg\"><path d=\"M272 0H48C21.5 0 0 21.5 0 48v416c0 26.5 21.5 48 48 48h224c26.5 0 48-21.5 48-48V48c0-26.5-21.5-48-48-48zM160 480c-17.7 0-32-14.3-32-32s14.3-32 32-32 32 14.3 32 32-14.3 32-32 32zm112-108c0 6.6-5.4 12-12 12H60c-6.6 0-12-5.4-12-12V60c0-6.6 5.4-12 12-12h200c6.6 0 12 5.4 12 12v312z\"><\/path><\/svg>\t\t\t<\/a>\n\t\t<\/div>\n\t\t\t\t\t\t<\/div>\n\t\t\t\t<\/div>\n\t\t\t\t<div class=\"elementor-element elementor-element-a2d3937 elementor-widget elementor-widget-heading\" data-id=\"a2d3937\" data-element_type=\"widget\" data-e-type=\"widget\" data-widget_type=\"heading.default\">\n\t\t\t\t<div class=\"elementor-widget-container\">\n\t\t\t\t\t<h5 class=\"elementor-heading-title elementor-size-default\"><a href=\"https:\/\/easy.erasmus.site\/project-results\/\">Una specifica app per dispositivi portatili<\/a><\/h5>\t\t\t\t<\/div>\n\t\t\t\t<\/div>\n\t\t\t\t\t<\/div>\n\t\t\t\t<\/div>\n\t\t\t\t<\/div>\n\t\t\t\t\t<\/div>\n\t\t\t\t<\/div>\n\t\t<div class=\"elementor-element elementor-element-3a03eb9 e-flex e-con-boxed e-con e-parent\" data-id=\"3a03eb9\" data-element_type=\"container\" data-e-type=\"container\">\n\t\t\t\t\t<div class=\"e-con-inner\">\n\t\t\t\t<div class=\"elementor-element elementor-element-68fed1d elementor-widget elementor-widget-menu-anchor\" data-id=\"68fed1d\" data-element_type=\"widget\" data-e-type=\"widget\" data-widget_type=\"menu-anchor.default\">\n\t\t\t\t<div class=\"elementor-widget-container\">\n\t\t\t\t\t\t\t<div class=\"elementor-menu-anchor\" id=\"partners\"><\/div>\n\t\t\t\t\t\t<\/div>\n\t\t\t\t<\/div>\n\t\t\t\t<div class=\"elementor-element elementor-element-3b3fdda elementor-invisible elementor-widget elementor-widget-heading\" data-id=\"3b3fdda\" data-element_type=\"widget\" data-e-type=\"widget\" data-settings=\"{&quot;_animation&quot;:&quot;fadeInLeft&quot;}\" data-widget_type=\"heading.default\">\n\t\t\t\t<div class=\"elementor-widget-container\">\n\t\t\t\t\t<h2 class=\"elementor-heading-title elementor-size-default\">Partners<\/h2>\t\t\t\t<\/div>\n\t\t\t\t<\/div>\n\t\t\t\t\t<\/div>\n\t\t\t\t<\/div>\n\t\t<div class=\"elementor-element elementor-element-95b25e4 e-flex e-con-boxed e-con e-parent\" data-id=\"95b25e4\" data-element_type=\"container\" data-e-type=\"container\">\n\t\t\t\t\t<div class=\"e-con-inner\">\n\t\t<div class=\"elementor-element elementor-element-d64ec81 e-con-full e-flex e-con e-child\" data-id=\"d64ec81\" data-element_type=\"container\" data-e-type=\"container\">\n\t\t\t\t<\/div>\n\t\t<div class=\"elementor-element elementor-element-e21b7b6 e-con-full e-flex elementor-invisible e-con e-child\" data-id=\"e21b7b6\" data-element_type=\"container\" data-e-type=\"container\" data-settings=\"{&quot;animation&quot;:&quot;fadeInUp&quot;}\">\n\t\t\t\t<div class=\"elementor-element elementor-element-2d0462e elementor-widget elementor-widget-text-editor\" data-id=\"2d0462e\" data-element_type=\"widget\" data-e-type=\"widget\" data-widget_type=\"text-editor.default\">\n\t\t\t\t<div class=\"elementor-widget-container\">\n\t\t\t\t\t\t\t\t\t<div class=\"paoc-pro-shortcode-preview paoc-copy-clipboard\">\r\n\t<div class=\"paoc-image-popup\">\r\n\t\t<a class=\"paoc-popup-click paoc-popup-cust-739 paoc-popup-image paoc-popup-image\" href=\"javascript:void(0);\"><img decoding=\"async\" class=\"popupaoc-img\" src=\"https:\/\/easy.erasmus.site\/wp-content\/uploads\/2024\/04\/luiss-removebg-preview.webp\" alt=\"\" \/><\/a>\r\n\r\n\t\t\t<\/div>\r\n\r\n<\/div>\t\t\t\t\t\t\t\t<\/div>\n\t\t\t\t<\/div>\n\t\t\t\t<\/div>\n\t\t<div class=\"elementor-element elementor-element-baa5fd0 e-con-full e-flex e-con e-child\" data-id=\"baa5fd0\" data-element_type=\"container\" data-e-type=\"container\">\n\t\t\t\t<\/div>\n\t\t\t\t\t<\/div>\n\t\t\t\t<\/div>\n\t\t<div class=\"elementor-element elementor-element-3120fbe e-flex e-con-boxed e-con e-parent\" data-id=\"3120fbe\" data-element_type=\"container\" data-e-type=\"container\">\n\t\t\t\t\t<div class=\"e-con-inner\">\n\t\t<div class=\"elementor-element elementor-element-4a16fe7 e-con-full e-flex elementor-invisible e-con e-child\" data-id=\"4a16fe7\" data-element_type=\"container\" data-e-type=\"container\" data-settings=\"{&quot;animation&quot;:&quot;fadeInLeft&quot;}\">\n\t\t\t\t<div class=\"elementor-element elementor-element-4c11ea5 elementor-widget elementor-widget-text-editor\" data-id=\"4c11ea5\" data-element_type=\"widget\" data-e-type=\"widget\" data-widget_type=\"text-editor.default\">\n\t\t\t\t<div class=\"elementor-widget-container\">\n\t\t\t\t\t\t\t\t\t\r\n\t<div class=\"paoc-image-popup\">\r\n\t\t<a class=\"paoc-popup-click paoc-popup-cust-747 paoc-popup-image paoc-popup-image\" href=\"javascript:void(0);\"><img decoding=\"async\" class=\"popupaoc-img\" src=\"https:\/\/easy.erasmus.site\/wp-content\/uploads\/2024\/04\/kainotomia-removebg-preview.webp\" alt=\"\" \/><\/a>\r\n\r\n\t\t\t<\/div>\r\n\r\n\t\t\t\t\t\t\t\t<\/div>\n\t\t\t\t<\/div>\n\t\t\t\t<\/div>\n\t\t<div class=\"elementor-element elementor-element-2702090 e-con-full e-flex elementor-invisible e-con e-child\" data-id=\"2702090\" data-element_type=\"container\" data-e-type=\"container\" data-settings=\"{&quot;animation&quot;:&quot;fadeInRight&quot;}\">\n\t\t\t\t<div class=\"elementor-element elementor-element-e6d2cc3 elementor-widget elementor-widget-text-editor\" data-id=\"e6d2cc3\" data-element_type=\"widget\" data-e-type=\"widget\" data-widget_type=\"text-editor.default\">\n\t\t\t\t<div class=\"elementor-widget-container\">\n\t\t\t\t\t\t\t\t\t<div class=\"paoc-pro-shortcode-preview paoc-copy-clipboard\">\r\n\t<div class=\"paoc-image-popup\">\r\n\t\t<a class=\"paoc-popup-click paoc-popup-cust-762 paoc-popup-image paoc-popup-image\" href=\"javascript:void(0);\"><img decoding=\"async\" class=\"popupaoc-img\" src=\"https:\/\/easy.erasmus.site\/wp-content\/uploads\/2024\/04\/eftopia-removebg-preview.webp\" alt=\"\" \/><\/a>\r\n\r\n\t\t\t<\/div>\r\n\r\n<\/div>\t\t\t\t\t\t\t\t<\/div>\n\t\t\t\t<\/div>\n\t\t\t\t<\/div>\n\t\t<div class=\"elementor-element elementor-element-1a22536 e-con-full e-flex elementor-invisible e-con e-child\" data-id=\"1a22536\" data-element_type=\"container\" data-e-type=\"container\" data-settings=\"{&quot;animation&quot;:&quot;fadeInLeft&quot;}\">\n\t\t\t\t<div class=\"elementor-element elementor-element-ad9a848 elementor-widget elementor-widget-text-editor\" data-id=\"ad9a848\" data-element_type=\"widget\" data-e-type=\"widget\" data-widget_type=\"text-editor.default\">\n\t\t\t\t<div class=\"elementor-widget-container\">\n\t\t\t\t\t\t\t\t\t<div class=\"paoc-pro-shortcode-preview paoc-copy-clipboard\">\r\n\t<div class=\"paoc-image-popup\">\r\n\t\t<a class=\"paoc-popup-click paoc-popup-cust-767 paoc-popup-image paoc-popup-image\" href=\"javascript:void(0);\"><img decoding=\"async\" class=\"popupaoc-img\" src=\"https:\/\/easy.erasmus.site\/wp-content\/uploads\/2024\/04\/autism_europe-removebg-preview.webp\" alt=\"\" \/><\/a>\r\n\r\n\t\t\t<\/div>\r\n\r\n<\/div>\t\t\t\t\t\t\t\t<\/div>\n\t\t\t\t<\/div>\n\t\t\t\t<\/div>\n\t\t<div class=\"elementor-element elementor-element-73ba85b e-con-full e-flex elementor-invisible e-con e-child\" data-id=\"73ba85b\" data-element_type=\"container\" data-e-type=\"container\" data-settings=\"{&quot;animation&quot;:&quot;fadeInRight&quot;}\">\n\t\t\t\t<div class=\"elementor-element elementor-element-a23f03a elementor-widget elementor-widget-text-editor\" data-id=\"a23f03a\" data-element_type=\"widget\" data-e-type=\"widget\" data-widget_type=\"text-editor.default\">\n\t\t\t\t<div class=\"elementor-widget-container\">\n\t\t\t\t\t\t\t\t\t<div class=\"paoc-pro-shortcode-preview paoc-copy-clipboard\">\r\n\t<div class=\"paoc-image-popup\">\r\n\t\t<a class=\"paoc-popup-click paoc-popup-cust-772 paoc-popup-image paoc-popup-image\" href=\"javascript:void(0);\"><img decoding=\"async\" class=\"popupaoc-img\" src=\"https:\/\/easy.erasmus.site\/wp-content\/uploads\/2024\/04\/cwep-removebg-preview.webp\" alt=\"\" \/><\/a>\r\n\r\n\t\t\t<\/div>\r\n\r\n<\/div>\t\t\t\t\t\t\t\t<\/div>\n\t\t\t\t<\/div>\n\t\t\t\t<\/div>\n\t\t\t\t\t<\/div>\n\t\t\t\t<\/div>\n\t\t\t\t<\/div>\n\t\t","protected":false},"excerpt":{"rendered":"<p>EASY \u2013 Employability for AutiStic Youth Settore: Giovani Numero del progetto: 2023-1-IT03-KA220-YOU-000155214Durata del progetto: 01.11.2023 \u2013 31.10.2025 Informazioni sul progetto Il progetto EASY \u00e8 stato concepito come risposta alla crescente responsabilit\u00e0 degli Stati membri europei nel sostenere le persone con disabilit\u00e0 nello sviluppo della loro occupabilit\u00e0. In particolare, EASY si occupa di garantire l&#8217;occupabilit\u00e0 dei&hellip;&nbsp;<a href=\"https:\/\/easy.erasmus.site\/it\/\" rel=\"bookmark\">Leggi tutto &raquo;<span class=\"screen-reader-text\">Home<\/span><\/a><\/p>\n","protected":false},"author":1,"featured_media":0,"parent":0,"menu_order":0,"comment_status":"closed","ping_status":"closed","template":"page-templates\/template-pagebuilder-full-width.php","meta":{"neve_meta_sidebar":"","neve_meta_container":"","neve_meta_enable_content_width":"off","neve_meta_content_width":100,"neve_meta_title_alignment":"","neve_meta_author_avatar":"","neve_post_elements_order":"","neve_meta_disable_header":"","neve_meta_disable_footer":"","neve_meta_disable_title":"","footnotes":""},"class_list":["post-539","page","type-page","status-publish","hentry"],"_links":{"self":[{"href":"https:\/\/easy.erasmus.site\/it\/wp-json\/wp\/v2\/pages\/539","targetHints":{"allow":["GET"]}}],"collection":[{"href":"https:\/\/easy.erasmus.site\/it\/wp-json\/wp\/v2\/pages"}],"about":[{"href":"https:\/\/easy.erasmus.site\/it\/wp-json\/wp\/v2\/types\/page"}],"author":[{"embeddable":true,"href":"https:\/\/easy.erasmus.site\/it\/wp-json\/wp\/v2\/users\/1"}],"replies":[{"embeddable":true,"href":"https:\/\/easy.erasmus.site\/it\/wp-json\/wp\/v2\/comments?post=539"}],"version-history":[{"count":188,"href":"https:\/\/easy.erasmus.site\/it\/wp-json\/wp\/v2\/pages\/539\/revisions"}],"predecessor-version":[{"id":1057,"href":"https:\/\/easy.erasmus.site\/it\/wp-json\/wp\/v2\/pages\/539\/revisions\/1057"}],"wp:attachment":[{"href":"https:\/\/easy.erasmus.site\/it\/wp-json\/wp\/v2\/media?parent=539"}],"curies":[{"name":"wp","href":"https:\/\/api.w.org\/{rel}","templated":true}]}}