{"id":559,"date":"2024-03-05T11:09:20","date_gmt":"2024-03-05T11:09:20","guid":{"rendered":"https:\/\/easy.erasmus.site\/?page_id=559"},"modified":"2024-04-21T19:29:42","modified_gmt":"2024-04-21T19:29:42","slug":"about-the-project","status":"publish","type":"page","link":"https:\/\/easy.erasmus.site\/it\/about-the-project\/","title":{"rendered":"Informazioni sul progetto"},"content":{"rendered":"\t\t<div data-elementor-type=\"wp-page\" data-elementor-id=\"559\" class=\"elementor elementor-559\">\n\t\t\t\t<div class=\"elementor-element elementor-element-89f955e e-flex e-con-boxed e-con e-parent\" data-id=\"89f955e\" data-element_type=\"container\" data-e-type=\"container\" data-settings=\"{&quot;background_background&quot;:&quot;classic&quot;}\">\n\t\t\t\t\t<div class=\"e-con-inner\">\n\t\t\t\t\t<\/div>\n\t\t\t\t<\/div>\n\t\t<div class=\"elementor-element elementor-element-a07a5e5 e-flex e-con-boxed e-con e-parent\" data-id=\"a07a5e5\" data-element_type=\"container\" data-e-type=\"container\" data-settings=\"{&quot;background_background&quot;:&quot;classic&quot;}\">\n\t\t\t\t\t<div class=\"e-con-inner\">\n\t\t\t\t<div class=\"elementor-element elementor-element-4b5d87d elementor-widget elementor-widget-spacer\" data-id=\"4b5d87d\" data-element_type=\"widget\" data-e-type=\"widget\" data-widget_type=\"spacer.default\">\n\t\t\t\t<div class=\"elementor-widget-container\">\n\t\t\t\t\t\t\t<div class=\"elementor-spacer\">\n\t\t\t<div class=\"elementor-spacer-inner\"><\/div>\n\t\t<\/div>\n\t\t\t\t\t\t<\/div>\n\t\t\t\t<\/div>\n\t\t\t\t\t<\/div>\n\t\t\t\t<\/div>\n\t\t<div class=\"elementor-element elementor-element-c9381fc e-flex e-con-boxed e-con e-parent\" data-id=\"c9381fc\" data-element_type=\"container\" data-e-type=\"container\" data-settings=\"{&quot;background_background&quot;:&quot;classic&quot;}\">\n\t\t\t\t\t<div class=\"e-con-inner\">\n\t\t\t\t<div class=\"elementor-element elementor-element-abfba30 elementor-widget elementor-widget-text-editor\" data-id=\"abfba30\" data-element_type=\"widget\" data-e-type=\"widget\" data-widget_type=\"text-editor.default\">\n\t\t\t\t<div class=\"elementor-widget-container\">\n\t\t\t\t\t\t\t\t\t<p>Il progetto EASY \u00e8 stato concepito come risposta alla crescente responsabilit\u00e0 degli Stati membri europei nel sostenere le persone con disabilit\u00e0 nello sviluppo della loro occupabilit\u00e0. In particolare, EASY si occupa di garantire l&#8217;occupabilit\u00e0 dei giovani con spettro autistico. Di conseguenza, cerca di offrire un rafforzamento delle capacit\u00e0 degli operatori giovanili e di fornire loro materiale formativo innovativo di alta qualit\u00e0 per sostenere i giovani con spettro autistico.<\/p><p>EASY mira a contribuire all&#8217;integrazione dei giovani con spettro autistico nel mercato del lavoro, migliorando le loro capacit\u00e0 di impiego e di ricerca di lavoro. L&#8217;obiettivo \u00e8 migliorare la capacit\u00e0 dei partner di sostenere la competitivit\u00e0 delle persone con spettro autistico; aumentare la comprensione da parte degli operatori giovanili delle diverse abilit\u00e0 degli allievi con spettro autistico; aumentare il livello di occupabilit\u00e0 dei giovani con spettro autistico e aiutarli a rivendicare il posto che spetta loro nella forza lavoro locale, nazionale ed europea; migliorare gli effetti dell&#8217;inclusione nei luoghi di lavoro. EASY si concentra su tre temi principali che sono correlati a tre priorit\u00e0 evidenziate dalla guida Erasmus+ 2022:<\/p>\t\t\t\t\t\t\t\t<\/div>\n\t\t\t\t<\/div>\n\t\t\t\t\t<\/div>\n\t\t\t\t<\/div>\n\t\t<div class=\"elementor-element elementor-element-4847589 e-flex e-con-boxed e-con e-parent\" data-id=\"4847589\" data-element_type=\"container\" data-e-type=\"container\" data-settings=\"{&quot;background_background&quot;:&quot;classic&quot;}\">\n\t\t\t\t\t<div class=\"e-con-inner\">\n\t\t<div class=\"elementor-element elementor-element-07c4c78 e-con-full e-flex e-con e-child\" data-id=\"07c4c78\" data-element_type=\"container\" data-e-type=\"container\">\n\t\t\t\t<div class=\"elementor-element elementor-element-afb2b14 elementor-view-default elementor-widget elementor-widget-icon\" data-id=\"afb2b14\" data-element_type=\"widget\" data-e-type=\"widget\" data-widget_type=\"icon.default\">\n\t\t\t\t<div class=\"elementor-widget-container\">\n\t\t\t\t\t\t\t<div class=\"elementor-icon-wrapper\">\n\t\t\t<div class=\"elementor-icon\">\n\t\t\t<svg aria-hidden=\"true\" class=\"e-font-icon-svg e-far-circle\" viewBox=\"0 0 512 512\" xmlns=\"http:\/\/www.w3.org\/2000\/svg\"><path d=\"M256 8C119 8 8 119 8 256s111 248 248 248 248-111 248-248S393 8 256 8zm0 448c-110.5 0-200-89.5-200-200S145.5 56 256 56s200 89.5 200 200-89.5 200-200 200z\"><\/path><\/svg>\t\t\t<\/div>\n\t\t<\/div>\n\t\t\t\t\t\t<\/div>\n\t\t\t\t<\/div>\n\t\t\t\t<div class=\"elementor-element elementor-element-09023b2 elementor-widget elementor-widget-text-editor\" data-id=\"09023b2\" data-element_type=\"widget\" data-e-type=\"widget\" data-widget_type=\"text-editor.default\">\n\t\t\t\t<div class=\"elementor-widget-container\">\n\t\t\t\t\t\t\t\t\t<p>Rafforzamento dell&#8217;occupabilit\u00e0 dei giovani<\/p>\t\t\t\t\t\t\t\t<\/div>\n\t\t\t\t<\/div>\n\t\t\t\t<\/div>\n\t\t<div class=\"elementor-element elementor-element-bd5d5de e-con-full e-flex e-con e-child\" data-id=\"bd5d5de\" data-element_type=\"container\" data-e-type=\"container\">\n\t\t\t\t<div class=\"elementor-element elementor-element-fe67bd7 elementor-view-default elementor-widget elementor-widget-icon\" data-id=\"fe67bd7\" data-element_type=\"widget\" data-e-type=\"widget\" data-widget_type=\"icon.default\">\n\t\t\t\t<div class=\"elementor-widget-container\">\n\t\t\t\t\t\t\t<div class=\"elementor-icon-wrapper\">\n\t\t\t<div class=\"elementor-icon\">\n\t\t\t<svg aria-hidden=\"true\" class=\"e-font-icon-svg e-far-circle\" viewBox=\"0 0 512 512\" xmlns=\"http:\/\/www.w3.org\/2000\/svg\"><path d=\"M256 8C119 8 8 119 8 256s111 248 248 248 248-111 248-248S393 8 256 8zm0 448c-110.5 0-200-89.5-200-200S145.5 56 256 56s200 89.5 200 200-89.5 200-200 200z\"><\/path><\/svg>\t\t\t<\/div>\n\t\t<\/div>\n\t\t\t\t\t\t<\/div>\n\t\t\t\t<\/div>\n\t\t\t\t<div class=\"elementor-element elementor-element-fcf70ab elementor-widget elementor-widget-text-editor\" data-id=\"fcf70ab\" data-element_type=\"widget\" data-e-type=\"widget\" data-widget_type=\"text-editor.default\">\n\t\t\t\t<div class=\"elementor-widget-container\">\n\t\t\t\t\t\t\t\t\t<p>Migliorare la qualit\u00e0, l&#8217;innovazione e il riconoscimento del lavoro giovanile<\/p>\t\t\t\t\t\t\t\t<\/div>\n\t\t\t\t<\/div>\n\t\t\t\t<\/div>\n\t\t<div class=\"elementor-element elementor-element-0d76776 e-con-full e-flex e-con e-child\" data-id=\"0d76776\" data-element_type=\"container\" data-e-type=\"container\">\n\t\t\t\t<div class=\"elementor-element elementor-element-c787526 elementor-view-default elementor-widget elementor-widget-icon\" data-id=\"c787526\" data-element_type=\"widget\" data-e-type=\"widget\" data-widget_type=\"icon.default\">\n\t\t\t\t<div class=\"elementor-widget-container\">\n\t\t\t\t\t\t\t<div class=\"elementor-icon-wrapper\">\n\t\t\t<div class=\"elementor-icon\">\n\t\t\t<svg aria-hidden=\"true\" class=\"e-font-icon-svg e-far-circle\" viewBox=\"0 0 512 512\" xmlns=\"http:\/\/www.w3.org\/2000\/svg\"><path d=\"M256 8C119 8 8 119 8 256s111 248 248 248 248-111 248-248S393 8 256 8zm0 448c-110.5 0-200-89.5-200-200S145.5 56 256 56s200 89.5 200 200-89.5 200-200 200z\"><\/path><\/svg>\t\t\t<\/div>\n\t\t<\/div>\n\t\t\t\t\t\t<\/div>\n\t\t\t\t<\/div>\n\t\t\t\t<div class=\"elementor-element elementor-element-f6f6cc5 elementor-widget elementor-widget-text-editor\" data-id=\"f6f6cc5\" data-element_type=\"widget\" data-e-type=\"widget\" data-widget_type=\"text-editor.default\">\n\t\t\t\t<div class=\"elementor-widget-container\">\n\t\t\t\t\t\t\t\t\t<p>Inclusione e diversit\u00e0 in tutti i settori dell&#8217;istruzione, della formazione, della giovent\u00f9 e dello sport<\/p>\t\t\t\t\t\t\t\t<\/div>\n\t\t\t\t<\/div>\n\t\t\t\t<\/div>\n\t\t\t\t\t<\/div>\n\t\t\t\t<\/div>\n\t\t\t\t<\/div>\n\t\t","protected":false},"excerpt":{"rendered":"<p>Il progetto EASY \u00e8 stato concepito come risposta alla crescente responsabilit\u00e0 degli Stati membri europei nel sostenere le persone con disabilit\u00e0 nello sviluppo della loro occupabilit\u00e0. In particolare, EASY si occupa di garantire l&#8217;occupabilit\u00e0 dei giovani con spettro autistico. Di conseguenza, cerca di offrire un rafforzamento delle capacit\u00e0 degli operatori giovanili e di fornire loro&hellip;&nbsp;<a href=\"https:\/\/easy.erasmus.site\/it\/about-the-project\/\" rel=\"bookmark\">Leggi tutto &raquo;<span class=\"screen-reader-text\">Informazioni sul progetto<\/span><\/a><\/p>\n","protected":false},"author":1,"featured_media":0,"parent":0,"menu_order":0,"comment_status":"closed","ping_status":"closed","template":"page-templates\/template-pagebuilder-full-width.php","meta":{"neve_meta_sidebar":"","neve_meta_container":"","neve_meta_enable_content_width":"off","neve_meta_content_width":100,"neve_meta_title_alignment":"","neve_meta_author_avatar":"","neve_post_elements_order":"","neve_meta_disable_header":"","neve_meta_disable_footer":"","neve_meta_disable_title":"","footnotes":""},"class_list":["post-559","page","type-page","status-publish","hentry"],"_links":{"self":[{"href":"https:\/\/easy.erasmus.site\/it\/wp-json\/wp\/v2\/pages\/559","targetHints":{"allow":["GET"]}}],"collection":[{"href":"https:\/\/easy.erasmus.site\/it\/wp-json\/wp\/v2\/pages"}],"about":[{"href":"https:\/\/easy.erasmus.site\/it\/wp-json\/wp\/v2\/types\/page"}],"author":[{"embeddable":true,"href":"https:\/\/easy.erasmus.site\/it\/wp-json\/wp\/v2\/users\/1"}],"replies":[{"embeddable":true,"href":"https:\/\/easy.erasmus.site\/it\/wp-json\/wp\/v2\/comments?post=559"}],"version-history":[{"count":48,"href":"https:\/\/easy.erasmus.site\/it\/wp-json\/wp\/v2\/pages\/559\/revisions"}],"predecessor-version":[{"id":916,"href":"https:\/\/easy.erasmus.site\/it\/wp-json\/wp\/v2\/pages\/559\/revisions\/916"}],"wp:attachment":[{"href":"https:\/\/easy.erasmus.site\/it\/wp-json\/wp\/v2\/media?parent=559"}],"curies":[{"name":"wp","href":"https:\/\/api.w.org\/{rel}","templated":true}]}}