{"id":469,"date":"2024-03-05T08:29:33","date_gmt":"2024-03-05T08:29:33","guid":{"rendered":"https:\/\/easy.erasmus.site\/?page_id=469"},"modified":"2025-10-10T10:33:52","modified_gmt":"2025-10-10T10:33:52","slug":"project-results","status":"publish","type":"page","link":"https:\/\/easy.erasmus.site\/pl\/project-results\/","title":{"rendered":"Rezultaty projektu"},"content":{"rendered":"\t\t<div data-elementor-type=\"wp-page\" data-elementor-id=\"469\" class=\"elementor elementor-469\">\n\t\t\t\t<div class=\"elementor-element elementor-element-e289c27 e-flex e-con-boxed elementor-invisible e-con e-parent\" data-id=\"e289c27\" data-element_type=\"container\" data-e-type=\"container\" data-settings=\"{&quot;background_background&quot;:&quot;classic&quot;,&quot;animation&quot;:&quot;fadeInRight&quot;}\">\n\t\t\t\t\t<div class=\"e-con-inner\">\n\t\t\t\t<div class=\"elementor-element elementor-element-5166283 elementor-widget__width-initial elementor-widget-tablet__width-initial elementor-view-default elementor-widget elementor-widget-icon\" data-id=\"5166283\" data-element_type=\"widget\" data-e-type=\"widget\" data-widget_type=\"icon.default\">\n\t\t\t\t<div class=\"elementor-widget-container\">\n\t\t\t\t\t\t\t<div class=\"elementor-icon-wrapper\">\n\t\t\t<div class=\"elementor-icon\">\n\t\t\t<svg aria-hidden=\"true\" class=\"e-font-icon-svg e-fas-book\" viewBox=\"0 0 448 512\" xmlns=\"http:\/\/www.w3.org\/2000\/svg\"><path d=\"M448 360V24c0-13.3-10.7-24-24-24H96C43 0 0 43 0 96v320c0 53 43 96 96 96h328c13.3 0 24-10.7 24-24v-16c0-7.5-3.5-14.3-8.9-18.7-4.2-15.4-4.2-59.3 0-74.7 5.4-4.3 8.9-11.1 8.9-18.6zM128 134c0-3.3 2.7-6 6-6h212c3.3 0 6 2.7 6 6v20c0 3.3-2.7 6-6 6H134c-3.3 0-6-2.7-6-6v-20zm0 64c0-3.3 2.7-6 6-6h212c3.3 0 6 2.7 6 6v20c0 3.3-2.7 6-6 6H134c-3.3 0-6-2.7-6-6v-20zm253.4 250H96c-17.7 0-32-14.3-32-32 0-17.6 14.4-32 32-32h285.4c-1.9 17.1-1.9 46.9 0 64z\"><\/path><\/svg>\t\t\t<\/div>\n\t\t<\/div>\n\t\t\t\t\t\t<\/div>\n\t\t\t\t<\/div>\n\t\t\t\t<div class=\"elementor-element elementor-element-c49de05 elementor-widget elementor-widget-text-editor\" data-id=\"c49de05\" data-element_type=\"widget\" data-e-type=\"widget\" data-widget_type=\"text-editor.default\">\n\t\t\t\t<div class=\"elementor-widget-container\">\n\t\t\t\t\t\t\t\t\t<p><strong>Przewodnik dotycz\u0105cy efektywnego poszukiwania pracy oraz zeszyt \u0107wicze\u0144: <\/strong>Za\u0142o\u017ceniem projektu EASY jest opracowanie przewodnika \u00a0dla os\u00f3b pracuj\u0105cych z m\u0142odzie\u017c\u0105<br \/>w celu wspomagania procesu poszukiwania pracy przez m\u0142ode osoby ze spektrum autyzmu.<br \/>W ramach tego rezultatu powstanie r\u00f3wnie\u017c zeszyt \u0107wicze\u0144 bezpo\u015brednio adresowany dla m\u0142odych os\u00f3b autystycznych. G\u0142\u00f3wnym celem tego rezultatu jest stworzenie wysokiej jako\u015bci narz\u0119dzia, kt\u00f3re wyposa\u017cy profesjonalist\u00f3w w niezb\u0119dne strategie pomagaj\u0105ce m\u0142odym osobom ze spektrum autyzmu znale\u017a\u0107 zatrudnienie na europejskim rynku pracy. Szczeg\u00f3\u0142owo, cele tego rezultatu s\u0105 nast\u0119puj\u0105ce:<\/p><ul><li>Rozw\u00f3j dzia\u0142a\u0144 przynosz\u0105cych korzy\u015bci lokalnym i krajowym spo\u0142eczno\u015bciom os\u00f3b autystycznych.<\/li><li>Podnoszenie kompetencji os\u00f3b pracuj\u0105cych z m\u0142odzie\u017c\u0105 w celu doskonalenia ich zdolno\u015bci organizacyjnych w prowadzeniu zaj\u0119\u0107 dla os\u00f3b autystycznych w ramach grup szkoleniowych.<\/li><li>Zwi\u0119kszenie potencja\u0142u rozwoju zawodowego i konkurencyjno\u015bci bezrobotnych m\u0142odych os\u00f3b autystycznych w krajach partnerskich. Opracowanie przewodnika umo\u017cliwi wi\u0119kszej liczbie os\u00f3b pracuj\u0105cych z m\u0142odzie\u017c\u0105 skorzysta\u0107<\/li><li>z opracowanych tre\u015bci, co zwi\u0119kszy liczb\u0119 miejsc, w kt\u00f3rych m\u0142odzi ludzie autystyczni b\u0119d\u0105 mogli otrzyma\u0107 wsparcie w rozwoju umiej\u0119tno\u015bci zatrudnieniowych.<\/li><\/ul><p><\/p><p style=\"text-align: center; margin-top: 20px;\"><a class=\"btn btn-primary\" role=\"button\" href=\"https:\/\/easy.erasmus.site\/pr1\/\">Open<\/a><\/p>\t\t\t\t\t\t\t\t<\/div>\n\t\t\t\t<\/div>\n\t\t\t\t\t<\/div>\n\t\t\t\t<\/div>\n\t\t<div class=\"elementor-element elementor-element-5590d28 e-flex e-con-boxed elementor-invisible e-con e-parent\" data-id=\"5590d28\" data-element_type=\"container\" data-e-type=\"container\" data-settings=\"{&quot;background_background&quot;:&quot;classic&quot;,&quot;animation&quot;:&quot;fadeInLeft&quot;}\">\n\t\t\t\t\t<div class=\"e-con-inner\">\n\t\t\t\t<div class=\"elementor-element elementor-element-183144b elementor-widget__width-initial elementor-widget-tablet__width-initial elementor-view-default elementor-widget elementor-widget-icon\" data-id=\"183144b\" data-element_type=\"widget\" data-e-type=\"widget\" data-widget_type=\"icon.default\">\n\t\t\t\t<div class=\"elementor-widget-container\">\n\t\t\t\t\t\t\t<div class=\"elementor-icon-wrapper\">\n\t\t\t<div class=\"elementor-icon\">\n\t\t\t<svg aria-hidden=\"true\" class=\"e-font-icon-svg e-fas-book-open\" viewBox=\"0 0 576 512\" xmlns=\"http:\/\/www.w3.org\/2000\/svg\"><path d=\"M542.22 32.05c-54.8 3.11-163.72 14.43-230.96 55.59-4.64 2.84-7.27 7.89-7.27 13.17v363.87c0 11.55 12.63 18.85 23.28 13.49 69.18-34.82 169.23-44.32 218.7-46.92 16.89-.89 30.02-14.43 30.02-30.66V62.75c.01-17.71-15.35-31.74-33.77-30.7zM264.73 87.64C197.5 46.48 88.58 35.17 33.78 32.05 15.36 31.01 0 45.04 0 62.75V400.6c0 16.24 13.13 29.78 30.02 30.66 49.49 2.6 149.59 12.11 218.77 46.95 10.62 5.35 23.21-1.94 23.21-13.46V100.63c0-5.29-2.62-10.14-7.27-12.99z\"><\/path><\/svg>\t\t\t<\/div>\n\t\t<\/div>\n\t\t\t\t\t\t<\/div>\n\t\t\t\t<\/div>\n\t\t\t\t<div class=\"elementor-element elementor-element-71edb8f elementor-widget elementor-widget-text-editor\" data-id=\"71edb8f\" data-element_type=\"widget\" data-e-type=\"widget\" data-widget_type=\"text-editor.default\">\n\t\t\t\t<div class=\"elementor-widget-container\">\n\t\t\t\t\t\t\t\t\t\n\n<strong>Symulator scenariuszy liniowych<\/strong>\n\nCelem tego rezultatu jest opracowanie innowacyjnego narz\u0119dzia do samooceny umiej\u0119tno\u015bci w zakresie zdolno\u015bci do zatrudnienia i poszukiwania pracy. Partnerstwo ma na celu opracowanie tego narz\u0119dzia jako sposobu na zapewnienie bezrobotnej m\u0142odzie\u017cy ze spektrum autyzmu bezpiecznej, lecz realistycznej przestrzeni do oceny ich zdolno\u015bci do zatrudnienia.\nW szczeg\u00f3lno\u015bci projekt EASY ma na celu:\n<ul>\n \t<li>Stworzenie narz\u0119dzia, przy pomocy kt\u00f3rego organizacje partnerskie b\u0119d\u0105 mog\u0142y wychodzi\u0107 naprzeciw potrzebom os\u00f3b autystycznych nale\u017c\u0105cych do ich grup docelowych, pragn\u0105cych rozwija\u0107 si\u0119 zawodowo.<\/li>\n \t<li>Stworzenie narz\u0119dzia, wykorzystywanego przez osoby pracuj\u0105ce z m\u0142odzie\u017c\u0105 do wspierania samooceny m\u0142odych os\u00f3b\nz autyzmem. Pomimo tego, \u017ce rezultat tego pakietu roboczego jest bezpo\u015brednio skierowany do m\u0142odych os\u00f3b autystycznych, osoby pracuj\u0105ce\nz m\u0142odzie\u017c\u0105 mog\u0105 wykorzysta\u0107 go\nw swojej codziennej dzia\u0142alno\u015bci.<\/li>\n \t<li>Stworzenie skutecznego narz\u0119dzia, umo\u017cliwiaj\u0105cego m\u0142odym osobom autystycznym sprawdzenie swoich umiej\u0119tno\u015bci zawodowych w \u015brodowisku rzeczywistym.<\/li>\n<\/ul>\n\n<p style=\"text-align: center; margin-top: 20px;\"><a class=\"btn btn-primary\" role=\"button\" href=\"https:\/\/easy.erasmus.site\/platform\" target=\"_blank\" rel=\"noopener\">Open<\/a><\/p>\t\t\t\t\t\t\t\t<\/div>\n\t\t\t\t<\/div>\n\t\t\t\t\t<\/div>\n\t\t\t\t<\/div>\n\t\t<div class=\"elementor-element elementor-element-31c10e4 e-flex e-con-boxed elementor-invisible e-con e-parent\" data-id=\"31c10e4\" data-element_type=\"container\" data-e-type=\"container\" data-settings=\"{&quot;background_background&quot;:&quot;classic&quot;,&quot;animation&quot;:&quot;fadeInRight&quot;}\">\n\t\t\t\t\t<div class=\"e-con-inner\">\n\t\t\t\t<div class=\"elementor-element elementor-element-cef44e6 elementor-widget__width-initial elementor-widget-tablet__width-initial elementor-view-default elementor-widget elementor-widget-icon\" data-id=\"cef44e6\" data-element_type=\"widget\" data-e-type=\"widget\" data-widget_type=\"icon.default\">\n\t\t\t\t<div class=\"elementor-widget-container\">\n\t\t\t\t\t\t\t<div class=\"elementor-icon-wrapper\">\n\t\t\t<div class=\"elementor-icon\">\n\t\t\t<svg aria-hidden=\"true\" class=\"e-font-icon-svg e-fas-mobile-alt\" viewBox=\"0 0 320 512\" xmlns=\"http:\/\/www.w3.org\/2000\/svg\"><path d=\"M272 0H48C21.5 0 0 21.5 0 48v416c0 26.5 21.5 48 48 48h224c26.5 0 48-21.5 48-48V48c0-26.5-21.5-48-48-48zM160 480c-17.7 0-32-14.3-32-32s14.3-32 32-32 32 14.3 32 32-14.3 32-32 32zm112-108c0 6.6-5.4 12-12 12H60c-6.6 0-12-5.4-12-12V60c0-6.6 5.4-12 12-12h200c6.6 0 12 5.4 12 12v312z\"><\/path><\/svg>\t\t\t<\/div>\n\t\t<\/div>\n\t\t\t\t\t\t<\/div>\n\t\t\t\t<\/div>\n\t\t\t\t<div class=\"elementor-element elementor-element-1030853 elementor-widget elementor-widget-text-editor\" data-id=\"1030853\" data-element_type=\"widget\" data-e-type=\"widget\" data-widget_type=\"text-editor.default\">\n\t\t\t\t<div class=\"elementor-widget-container\">\n\t\t\t\t\t\t\t\t\t\n\n<strong>Aplikacja mobilna: <\/strong>Rezultat ten jest skierowany g\u0142\u00f3wnie do m\u0142odych os\u00f3b ze spektrum autyzmu, a jego g\u0142\u00f3wnym celem jest u\u0142atwienie dost\u0119pu do istniej\u0105cych ofert i zwi\u0119kszenie szans m\u0142odzie\u017cy autystycznej na skuteczne znalezienie miejsca pracy, co z kolei przyczyni si\u0119 do poprawy ich umiej\u0119tno\u015bci zatrudnienia i podniesienia og\u00f3lnej konkurencyjno\u015bci na europejskim rynku pracy.\nRezultat ten w szczeg\u00f3lno\u015bci ma na celu:\n<ul>\n \t<li>Wsparcie m\u0142odzie\u017cy ze spektrum autyzmu w przej\u0119ciu kontroli nad swoj\u0105 przysz\u0142o\u015bci\u0105, promocji w\u0142asnego potencja\u0142u oraz rozwini\u0119cia umiej\u0119tno\u015bci radzenia sobie z codziennymi wyzwaniami zwi\u0105zanymi z zatrudnieniem. Docelowo podniesie to ich pewno\u015b\u0107 siebie i satysfakcj\u0119 z pracy, pomagaj\u0105c im zaj\u0105\u0107 nale\u017cne im miejsce w\u015br\u00f3d lokalnej, krajowej i europejskiej spo\u0142eczno\u015bci pracowniczej.<\/li>\n \t<li>Zach\u0119canie m\u0142odych os\u00f3b ze spektrum autyzmu do poszukiwania i korzystania\nz dost\u0119pnych zasob\u00f3w z dost\u0119pem do rozmaitych ofert pracy i sta\u017cy. Realizacja tego za\u0142o\u017cenia przyczyni si\u0119 do osi\u0105gni\u0119cia og\u00f3lnego celu projektu, jakim jest zwi\u0119kszenie szans m\u0142odzie\u017cy autystycznej na zatrudnienie i pomoc w zaj\u0119ciu nale\u017cnego im miejsca w\u015br\u00f3d europejskiej si\u0142y roboczej.<\/li>\n \t<li>Wzmocnienie pewno\u015bci siebie oraz poczucia w\u0142asnej warto\u015bci w\u015br\u00f3d m\u0142odych os\u00f3b autystycznych poprzez umo\u017cliwienie im dost\u0119pu do praktyk zawodowych,\u00a0 mobilno\u015bci oraz potencjalnych \u015bcie\u017cek zatrudnienia, na kt\u00f3re s\u0105 przygotowani. Realizacja powy\u017cszego za\u0142o\u017cenia wspiera og\u00f3lny cel zwi\u0119kszenia \u015bwiadomo\u015bci profesjonalist\u00f3w pracuj\u0105cych z m\u0142odzie\u017c\u0105 na temat r\u00f3\u017cnorodnych zdolno\u015bci ich podopiecznych, w szczeg\u00f3lno\u015bci os\u00f3b ze spektrum autyzmu.<\/li>\n<\/ul>\n<p style=\"text-align: center; margin-top: 20px;\"><a class=\"btn btn-primary\" role=\"button\" href=\"https:\/\/apps.apple.com\/us\/app\/eu-job-spectrum\/id6749449118\" target=\"_blank\" rel=\"noopener\">IOS<\/a><\/p>\n<p style=\"text-align: center; margin-top: 20px;\"><a class=\"btn btn-primary\" role=\"button\" href=\"https:\/\/play.google.com\/store\/apps\/details?id=eu.dcnet.easy_app\" target=\"_blank\" rel=\"noopener\">Android<\/a><\/p>\t\t\t\t\t\t\t\t<\/div>\n\t\t\t\t<\/div>\n\t\t\t\t\t<\/div>\n\t\t\t\t<\/div>\n\t\t<div class=\"elementor-element elementor-element-17ff506 e-flex e-con-boxed e-con e-parent\" data-id=\"17ff506\" data-element_type=\"container\" data-e-type=\"container\" data-settings=\"{&quot;background_background&quot;:&quot;classic&quot;}\">\n\t\t\t\t\t<div class=\"e-con-inner\">\n\t\t\t\t<div class=\"elementor-element elementor-element-d8532b4 elementor-widget elementor-widget-spacer\" data-id=\"d8532b4\" data-element_type=\"widget\" data-e-type=\"widget\" data-widget_type=\"spacer.default\">\n\t\t\t\t<div class=\"elementor-widget-container\">\n\t\t\t\t\t\t\t<div class=\"elementor-spacer\">\n\t\t\t<div class=\"elementor-spacer-inner\"><\/div>\n\t\t<\/div>\n\t\t\t\t\t\t<\/div>\n\t\t\t\t<\/div>\n\t\t\t\t\t<\/div>\n\t\t\t\t<\/div>\n\t\t\t\t<\/div>\n\t\t","protected":false},"excerpt":{"rendered":"<p>Przewodnik dotycz\u0105cy efektywnego poszukiwania pracy oraz zeszyt \u0107wicze\u0144: Za\u0142o\u017ceniem projektu EASY jest opracowanie przewodnika \u00a0dla os\u00f3b pracuj\u0105cych z m\u0142odzie\u017c\u0105w celu wspomagania procesu poszukiwania pracy przez m\u0142ode osoby ze spektrum autyzmu.W ramach tego rezultatu powstanie r\u00f3wnie\u017c zeszyt \u0107wicze\u0144 bezpo\u015brednio adresowany dla m\u0142odych os\u00f3b autystycznych. G\u0142\u00f3wnym celem tego rezultatu jest stworzenie wysokiej jako\u015bci narz\u0119dzia, kt\u00f3re wyposa\u017cy profesjonalist\u00f3w&hellip;&nbsp;<a href=\"https:\/\/easy.erasmus.site\/pl\/project-results\/\" rel=\"bookmark\">Dowiedz si\u0119 wi\u0119cej &raquo;<span class=\"screen-reader-text\">Rezultaty projektu<\/span><\/a><\/p>\n","protected":false},"author":1,"featured_media":0,"parent":0,"menu_order":0,"comment_status":"closed","ping_status":"closed","template":"page-templates\/template-pagebuilder-full-width.php","meta":{"neve_meta_sidebar":"","neve_meta_container":"","neve_meta_enable_content_width":"off","neve_meta_content_width":100,"neve_meta_title_alignment":"","neve_meta_author_avatar":"","neve_post_elements_order":"","neve_meta_disable_header":"","neve_meta_disable_footer":"","neve_meta_disable_title":"","footnotes":""},"class_list":["post-469","page","type-page","status-publish","hentry"],"_links":{"self":[{"href":"https:\/\/easy.erasmus.site\/pl\/wp-json\/wp\/v2\/pages\/469","targetHints":{"allow":["GET"]}}],"collection":[{"href":"https:\/\/easy.erasmus.site\/pl\/wp-json\/wp\/v2\/pages"}],"about":[{"href":"https:\/\/easy.erasmus.site\/pl\/wp-json\/wp\/v2\/types\/page"}],"author":[{"embeddable":true,"href":"https:\/\/easy.erasmus.site\/pl\/wp-json\/wp\/v2\/users\/1"}],"replies":[{"embeddable":true,"href":"https:\/\/easy.erasmus.site\/pl\/wp-json\/wp\/v2\/comments?post=469"}],"version-history":[{"count":141,"href":"https:\/\/easy.erasmus.site\/pl\/wp-json\/wp\/v2\/pages\/469\/revisions"}],"predecessor-version":[{"id":1046,"href":"https:\/\/easy.erasmus.site\/pl\/wp-json\/wp\/v2\/pages\/469\/revisions\/1046"}],"wp:attachment":[{"href":"https:\/\/easy.erasmus.site\/pl\/wp-json\/wp\/v2\/media?parent=469"}],"curies":[{"name":"wp","href":"https:\/\/api.w.org\/{rel}","templated":true}]}}