{"id":559,"date":"2024-03-05T11:09:20","date_gmt":"2024-03-05T11:09:20","guid":{"rendered":"https:\/\/easy.erasmus.site\/?page_id=559"},"modified":"2024-04-21T19:29:42","modified_gmt":"2024-04-21T19:29:42","slug":"about-the-project","status":"publish","type":"page","link":"https:\/\/easy.erasmus.site\/pl\/about-the-project\/","title":{"rendered":"Opis projektu"},"content":{"rendered":"\t\t<div data-elementor-type=\"wp-page\" data-elementor-id=\"559\" class=\"elementor elementor-559\">\n\t\t\t\t<div class=\"elementor-element elementor-element-89f955e e-flex e-con-boxed e-con e-parent\" data-id=\"89f955e\" data-element_type=\"container\" data-e-type=\"container\" data-settings=\"{&quot;background_background&quot;:&quot;classic&quot;}\">\n\t\t\t\t\t<div class=\"e-con-inner\">\n\t\t\t\t\t<\/div>\n\t\t\t\t<\/div>\n\t\t<div class=\"elementor-element elementor-element-a07a5e5 e-flex e-con-boxed e-con e-parent\" data-id=\"a07a5e5\" data-element_type=\"container\" data-e-type=\"container\" data-settings=\"{&quot;background_background&quot;:&quot;classic&quot;}\">\n\t\t\t\t\t<div class=\"e-con-inner\">\n\t\t\t\t<div class=\"elementor-element elementor-element-4b5d87d elementor-widget elementor-widget-spacer\" data-id=\"4b5d87d\" data-element_type=\"widget\" data-e-type=\"widget\" data-widget_type=\"spacer.default\">\n\t\t\t\t<div class=\"elementor-widget-container\">\n\t\t\t\t\t\t\t<div class=\"elementor-spacer\">\n\t\t\t<div class=\"elementor-spacer-inner\"><\/div>\n\t\t<\/div>\n\t\t\t\t\t\t<\/div>\n\t\t\t\t<\/div>\n\t\t\t\t\t<\/div>\n\t\t\t\t<\/div>\n\t\t<div class=\"elementor-element elementor-element-c9381fc e-flex e-con-boxed e-con e-parent\" data-id=\"c9381fc\" data-element_type=\"container\" data-e-type=\"container\" data-settings=\"{&quot;background_background&quot;:&quot;classic&quot;}\">\n\t\t\t\t\t<div class=\"e-con-inner\">\n\t\t\t\t<div class=\"elementor-element elementor-element-abfba30 elementor-widget elementor-widget-text-editor\" data-id=\"abfba30\" data-element_type=\"widget\" data-e-type=\"widget\" data-widget_type=\"text-editor.default\">\n\t\t\t\t<div class=\"elementor-widget-container\">\n\t\t\t\t\t\t\t\t\t<p>Projekt EASY zosta\u0142 stworzony w odpowiedzi na rosn\u0105c\u0105 \u015bwiadomo\u015b\u0107 pa\u0144stw cz\u0142onkowskich Unii Europejskiej dotycz\u0105c\u0105 wspierania os\u00f3b niepe\u0142nosprawnych na rynku pracy. G\u0142\u00f3wnym za\u0142o\u017ceniem projektu jest zwi\u0119kszenie szans na uzyskanie zatrudnienia przez m\u0142ode osoby ze spektrum autyzmu.<\/p><p>Projekt EASY ma na celu zwi\u0119kszenie integracji os\u00f3b autystycznych na europejskim rynku pracy poprzez promowanie ich mocnych stron oraz rozwijanie konkurencyjno\u015bci. Ponadto, opisywany projekt, w spos\u00f3b szczeg\u00f3lny koncentruje si\u0119 na podnoszeniu \u015bwiadomo\u015bci pracodawc\u00f3w <br \/>w kwestii specyfiki spektrum autyzmu. Niew\u0105tpliwie, dzia\u0142ania te b\u0119d\u0105 mia\u0142y korzystny wp\u0142yw w perspektywie szans znalezienia pracy przez osoby autystyczne. Projekt opiera si\u0119 na trzech podstawowych za\u0142o\u017ceniach zwi\u0105zanych z trzema priorytetami okre\u015blonymi w przewodniku Erasmus+ 2022:<\/p>\t\t\t\t\t\t\t\t<\/div>\n\t\t\t\t<\/div>\n\t\t\t\t\t<\/div>\n\t\t\t\t<\/div>\n\t\t<div class=\"elementor-element elementor-element-4847589 e-flex e-con-boxed e-con e-parent\" data-id=\"4847589\" data-element_type=\"container\" data-e-type=\"container\" data-settings=\"{&quot;background_background&quot;:&quot;classic&quot;}\">\n\t\t\t\t\t<div class=\"e-con-inner\">\n\t\t<div class=\"elementor-element elementor-element-07c4c78 e-con-full e-flex e-con e-child\" data-id=\"07c4c78\" data-element_type=\"container\" data-e-type=\"container\">\n\t\t\t\t<div class=\"elementor-element elementor-element-afb2b14 elementor-view-default elementor-widget elementor-widget-icon\" data-id=\"afb2b14\" data-element_type=\"widget\" data-e-type=\"widget\" data-widget_type=\"icon.default\">\n\t\t\t\t<div class=\"elementor-widget-container\">\n\t\t\t\t\t\t\t<div class=\"elementor-icon-wrapper\">\n\t\t\t<div class=\"elementor-icon\">\n\t\t\t<svg aria-hidden=\"true\" class=\"e-font-icon-svg e-far-circle\" viewBox=\"0 0 512 512\" xmlns=\"http:\/\/www.w3.org\/2000\/svg\"><path d=\"M256 8C119 8 8 119 8 256s111 248 248 248 248-111 248-248S393 8 256 8zm0 448c-110.5 0-200-89.5-200-200S145.5 56 256 56s200 89.5 200 200-89.5 200-200 200z\"><\/path><\/svg>\t\t\t<\/div>\n\t\t<\/div>\n\t\t\t\t\t\t<\/div>\n\t\t\t\t<\/div>\n\t\t\t\t<div class=\"elementor-element elementor-element-09023b2 elementor-widget elementor-widget-text-editor\" data-id=\"09023b2\" data-element_type=\"widget\" data-e-type=\"widget\" data-widget_type=\"text-editor.default\">\n\t\t\t\t<div class=\"elementor-widget-container\">\n\t\t\t\t\t\t\t\t\t<p>Zwi\u0119kszenie szans m\u0142odych ludzi na zatrudnienie<\/p>\t\t\t\t\t\t\t\t<\/div>\n\t\t\t\t<\/div>\n\t\t\t\t<\/div>\n\t\t<div class=\"elementor-element elementor-element-bd5d5de e-con-full e-flex e-con e-child\" data-id=\"bd5d5de\" data-element_type=\"container\" data-e-type=\"container\">\n\t\t\t\t<div class=\"elementor-element elementor-element-fe67bd7 elementor-view-default elementor-widget elementor-widget-icon\" data-id=\"fe67bd7\" data-element_type=\"widget\" data-e-type=\"widget\" data-widget_type=\"icon.default\">\n\t\t\t\t<div class=\"elementor-widget-container\">\n\t\t\t\t\t\t\t<div class=\"elementor-icon-wrapper\">\n\t\t\t<div class=\"elementor-icon\">\n\t\t\t<svg aria-hidden=\"true\" class=\"e-font-icon-svg e-far-circle\" viewBox=\"0 0 512 512\" xmlns=\"http:\/\/www.w3.org\/2000\/svg\"><path d=\"M256 8C119 8 8 119 8 256s111 248 248 248 248-111 248-248S393 8 256 8zm0 448c-110.5 0-200-89.5-200-200S145.5 56 256 56s200 89.5 200 200-89.5 200-200 200z\"><\/path><\/svg>\t\t\t<\/div>\n\t\t<\/div>\n\t\t\t\t\t\t<\/div>\n\t\t\t\t<\/div>\n\t\t\t\t<div class=\"elementor-element elementor-element-fcf70ab elementor-widget elementor-widget-text-editor\" data-id=\"fcf70ab\" data-element_type=\"widget\" data-e-type=\"widget\" data-widget_type=\"text-editor.default\">\n\t\t\t\t<div class=\"elementor-widget-container\">\n\t\t\t\t\t\t\t\t\t<p>Zwi\u0119kszenie poziomu jako\u015bci, innowacyjno\u015bci i \u015bwiadomo\u015bci w pracy <br \/>z m\u0142odzie\u017c\u0105<\/p>\t\t\t\t\t\t\t\t<\/div>\n\t\t\t\t<\/div>\n\t\t\t\t<\/div>\n\t\t<div class=\"elementor-element elementor-element-0d76776 e-con-full e-flex e-con e-child\" data-id=\"0d76776\" data-element_type=\"container\" data-e-type=\"container\">\n\t\t\t\t<div class=\"elementor-element elementor-element-c787526 elementor-view-default elementor-widget elementor-widget-icon\" data-id=\"c787526\" data-element_type=\"widget\" data-e-type=\"widget\" data-widget_type=\"icon.default\">\n\t\t\t\t<div class=\"elementor-widget-container\">\n\t\t\t\t\t\t\t<div class=\"elementor-icon-wrapper\">\n\t\t\t<div class=\"elementor-icon\">\n\t\t\t<svg aria-hidden=\"true\" class=\"e-font-icon-svg e-far-circle\" viewBox=\"0 0 512 512\" xmlns=\"http:\/\/www.w3.org\/2000\/svg\"><path d=\"M256 8C119 8 8 119 8 256s111 248 248 248 248-111 248-248S393 8 256 8zm0 448c-110.5 0-200-89.5-200-200S145.5 56 256 56s200 89.5 200 200-89.5 200-200 200z\"><\/path><\/svg>\t\t\t<\/div>\n\t\t<\/div>\n\t\t\t\t\t\t<\/div>\n\t\t\t\t<\/div>\n\t\t\t\t<div class=\"elementor-element elementor-element-f6f6cc5 elementor-widget elementor-widget-text-editor\" data-id=\"f6f6cc5\" data-element_type=\"widget\" data-e-type=\"widget\" data-widget_type=\"text-editor.default\">\n\t\t\t\t<div class=\"elementor-widget-container\">\n\t\t\t\t\t\t\t\t\t<p>W\u0142\u0105czenie i r\u00f3\u017cnorodno\u015b\u0107 w obszarze edukacji\u00a0 i sportu w\u015br\u00f3d m\u0142odzie\u017cy<\/p>\t\t\t\t\t\t\t\t<\/div>\n\t\t\t\t<\/div>\n\t\t\t\t<\/div>\n\t\t\t\t\t<\/div>\n\t\t\t\t<\/div>\n\t\t\t\t<\/div>\n\t\t","protected":false},"excerpt":{"rendered":"<p>Projekt EASY zosta\u0142 stworzony w odpowiedzi na rosn\u0105c\u0105 \u015bwiadomo\u015b\u0107 pa\u0144stw cz\u0142onkowskich Unii Europejskiej dotycz\u0105c\u0105 wspierania os\u00f3b niepe\u0142nosprawnych na rynku pracy. G\u0142\u00f3wnym za\u0142o\u017ceniem projektu jest zwi\u0119kszenie szans na uzyskanie zatrudnienia przez m\u0142ode osoby ze spektrum autyzmu. Projekt EASY ma na celu zwi\u0119kszenie integracji os\u00f3b autystycznych na europejskim rynku pracy poprzez promowanie ich mocnych stron oraz rozwijanie&hellip;&nbsp;<a href=\"https:\/\/easy.erasmus.site\/pl\/about-the-project\/\" rel=\"bookmark\">Dowiedz si\u0119 wi\u0119cej &raquo;<span class=\"screen-reader-text\">Opis projektu<\/span><\/a><\/p>\n","protected":false},"author":1,"featured_media":0,"parent":0,"menu_order":0,"comment_status":"closed","ping_status":"closed","template":"page-templates\/template-pagebuilder-full-width.php","meta":{"neve_meta_sidebar":"","neve_meta_container":"","neve_meta_enable_content_width":"off","neve_meta_content_width":100,"neve_meta_title_alignment":"","neve_meta_author_avatar":"","neve_post_elements_order":"","neve_meta_disable_header":"","neve_meta_disable_footer":"","neve_meta_disable_title":"","footnotes":""},"class_list":["post-559","page","type-page","status-publish","hentry"],"_links":{"self":[{"href":"https:\/\/easy.erasmus.site\/pl\/wp-json\/wp\/v2\/pages\/559","targetHints":{"allow":["GET"]}}],"collection":[{"href":"https:\/\/easy.erasmus.site\/pl\/wp-json\/wp\/v2\/pages"}],"about":[{"href":"https:\/\/easy.erasmus.site\/pl\/wp-json\/wp\/v2\/types\/page"}],"author":[{"embeddable":true,"href":"https:\/\/easy.erasmus.site\/pl\/wp-json\/wp\/v2\/users\/1"}],"replies":[{"embeddable":true,"href":"https:\/\/easy.erasmus.site\/pl\/wp-json\/wp\/v2\/comments?post=559"}],"version-history":[{"count":48,"href":"https:\/\/easy.erasmus.site\/pl\/wp-json\/wp\/v2\/pages\/559\/revisions"}],"predecessor-version":[{"id":916,"href":"https:\/\/easy.erasmus.site\/pl\/wp-json\/wp\/v2\/pages\/559\/revisions\/916"}],"wp:attachment":[{"href":"https:\/\/easy.erasmus.site\/pl\/wp-json\/wp\/v2\/media?parent=559"}],"curies":[{"name":"wp","href":"https:\/\/api.w.org\/{rel}","templated":true}]}}