{"id":944,"date":"2024-09-13T11:01:43","date_gmt":"2024-09-13T11:01:43","guid":{"rendered":"https:\/\/easy.erasmus.site\/?page_id=944"},"modified":"2025-12-08T08:28:25","modified_gmt":"2025-12-08T08:28:25","slug":"pr1","status":"publish","type":"page","link":"https:\/\/easy.erasmus.site\/pl\/pr1\/","title":{"rendered":"Przewodnik dotycz\u0105cy efektywnego poszukiwania pracy oraz zeszyt \u0107wicze\u0144"},"content":{"rendered":"\t\t<div data-elementor-type=\"wp-page\" data-elementor-id=\"944\" class=\"elementor elementor-944\">\n\t\t\t\t<div class=\"elementor-element elementor-element-ba16670 e-flex e-con-boxed e-con e-parent\" data-id=\"ba16670\" data-element_type=\"container\" data-e-type=\"container\">\n\t\t\t\t\t<div class=\"e-con-inner\">\n\t\t<div class=\"elementor-element elementor-element-49e4031 e-con-full e-flex e-con e-child\" data-id=\"49e4031\" data-element_type=\"container\" data-e-type=\"container\">\n\t\t\t\t<div class=\"elementor-element elementor-element-5e5ea92c elementor-widget elementor-widget-text-editor\" data-id=\"5e5ea92c\" data-element_type=\"widget\" data-e-type=\"widget\" data-widget_type=\"text-editor.default\">\n\t\t\t\t<div class=\"elementor-widget-container\">\n\t\t\t\t\t\t\t\t\t\n\r\n<!--change the width and height value as you want.--> \r\n<!-- Do change \"index.htm\" to your real html name of the flippingbook--> \r\n<iframe  style=\"width:100%;height:650px\"  src=\"https:\/\/easy.erasmus.site\/wp-content\/uploads\/flipbook\/5\/book.html\"  seamless=\"seamless\" scrolling=\"no\" frameborder=\"0\" allowtransparency=\"true\" allowfullscreen mozallowfullscreen  webkitallowfullscreen ><\/iframe>\r\n\n    <p style=\"text-align: center;\">\r\n        <button class=\"easy-download-btn\"\r\n                type=\"button\"\r\n                data-file=\"https:\/\/easy.erasmus.site\/wp-content\/uploads\/2024\/09\/EASY-Guide-for-Job-PossAbilities_PL.pdf\"\r\n                data-lang=\"pl\">\r\n            Pobierz        <\/button>\r\n    <\/p>\r\n    \n\t\t\t\t\t\t\t\t<\/div>\n\t\t\t\t<\/div>\n\t\t\t\t<\/div>\n\t\t<div class=\"elementor-element elementor-element-0286a70 e-con-full e-flex e-con e-child\" data-id=\"0286a70\" data-element_type=\"container\" data-e-type=\"container\">\n\t\t\t\t<div class=\"elementor-element elementor-element-9436ef4 elementor-widget elementor-widget-text-editor\" data-id=\"9436ef4\" data-element_type=\"widget\" data-e-type=\"widget\" data-widget_type=\"text-editor.default\">\n\t\t\t\t<div class=\"elementor-widget-container\">\n\t\t\t\t\t\t\t\t\t\n\r\n<!--change the width and height value as you want.--> \r\n<!-- Do change \"index.htm\" to your real html name of the flippingbook--> \r\n<iframe  style=\"width:100%;height:650px\"  src=\"https:\/\/easy.erasmus.site\/wp-content\/uploads\/flipbook\/10\/book.html\"  seamless=\"seamless\" scrolling=\"no\" frameborder=\"0\" allowtransparency=\"true\" allowfullscreen mozallowfullscreen  webkitallowfullscreen ><\/iframe>\r\n\n    <p style=\"text-align: center;\">\r\n        <button class=\"easy-download-btn\"\r\n                type=\"button\"\r\n                data-file=\"https:\/\/easy.erasmus.site\/wp-content\/uploads\/2024\/12\/EASY-Activity-Workbook-_PL.pdf\"\r\n                data-lang=\"pl\">\r\n            Pobierz        <\/button>\r\n    <\/p>\r\n    \n\t\t\t\t\t\t\t\t<\/div>\n\t\t\t\t<\/div>\n\t\t\t\t<\/div>\n\t\t\t\t\t<\/div>\n\t\t\t\t<\/div>\n\t\t\t\t<\/div>\n\t\t","protected":false},"excerpt":{"rendered":"","protected":false},"author":1,"featured_media":0,"parent":0,"menu_order":0,"comment_status":"closed","ping_status":"closed","template":"","meta":{"neve_meta_sidebar":"","neve_meta_container":"","neve_meta_enable_content_width":"off","neve_meta_content_width":100,"neve_meta_title_alignment":"","neve_meta_author_avatar":"","neve_post_elements_order":"","neve_meta_disable_header":"","neve_meta_disable_footer":"","neve_meta_disable_title":"","footnotes":""},"class_list":["post-944","page","type-page","status-publish","hentry"],"_links":{"self":[{"href":"https:\/\/easy.erasmus.site\/pl\/wp-json\/wp\/v2\/pages\/944","targetHints":{"allow":["GET"]}}],"collection":[{"href":"https:\/\/easy.erasmus.site\/pl\/wp-json\/wp\/v2\/pages"}],"about":[{"href":"https:\/\/easy.erasmus.site\/pl\/wp-json\/wp\/v2\/types\/page"}],"author":[{"embeddable":true,"href":"https:\/\/easy.erasmus.site\/pl\/wp-json\/wp\/v2\/users\/1"}],"replies":[{"embeddable":true,"href":"https:\/\/easy.erasmus.site\/pl\/wp-json\/wp\/v2\/comments?post=944"}],"version-history":[{"count":18,"href":"https:\/\/easy.erasmus.site\/pl\/wp-json\/wp\/v2\/pages\/944\/revisions"}],"predecessor-version":[{"id":1128,"href":"https:\/\/easy.erasmus.site\/pl\/wp-json\/wp\/v2\/pages\/944\/revisions\/1128"}],"wp:attachment":[{"href":"https:\/\/easy.erasmus.site\/pl\/wp-json\/wp\/v2\/media?parent=944"}],"curies":[{"name":"wp","href":"https:\/\/api.w.org\/{rel}","templated":true}]}}